{"id":54310,"date":"2026-03-21T20:12:46","date_gmt":"2026-03-21T17:12:46","guid":{"rendered":"https:\/\/fanmerch.fi\/?post_type=product&#038;p=54310"},"modified":"2026-04-16T07:46:18","modified_gmt":"2026-04-16T04:46:18","slug":"etelapaaty-kaulahuivi-2025-26","status":"publish","type":"product","link":"https:\/\/fanmerch.fi\/en\/product\/etelapaaty-kaulahuivi-2025-26\/","title":{"rendered":"Kaulahuivi 2025-26"},"content":{"rendered":"","protected":false},"excerpt":{"rendered":"<p class=\"ai-optimize-17\" data-pm-slice=\"1 1 []\">Etel\u00e4p\u00e4\u00e4dyn viimeisen Mestis-kauden (2025\u201326) virallinen kaulahuivi. Huivi on valmistettu pehme\u00e4st\u00e4 ja miellytt\u00e4v\u00e4n tuntuisesta neuloksesta, joka tarjoaa erinomaisen l\u00e4mm\u00f6n my\u00f6s kylmemmiss\u00e4 olosuhteissa. Laadukas materiaaliyhdistelm\u00e4 tekee huivista joustavan, napakan ja pitk\u00e4ik\u00e4isen.<\/p>\n<p class=\"ai-optimize-18\">T\u00e4m\u00e4 huivi valmistetaan rajoitettuna 100 kappaleen er\u00e4n\u00e4 \u2013 varmista omasi ennen kuin er\u00e4 myyd\u00e4\u00e4n loppuun.<\/p>\n<ul>\n<li class=\"ai-optimize-12\">\n<h5 class=\"ai-optimize-13\"><strong>Toimitusaika: 1-4 arkip\u00e4iv\u00e4\u00e4<\/strong><\/h5>\n<\/li>\n<li class=\"ai-optimize-14\">\n<h5 class=\"ai-optimize-15\"><strong>97% Akryyli \/ 3% Lycra<\/strong><\/h5>\n<\/li>\n<\/ul>","protected":false},"author":8,"featured_media":54311,"template":"","meta":[],"product_brand":[],"product_cat":[19],"product_tag":[20,136,25],"class_list":{"0":"post-54310","1":"product","2":"type-product","3":"status-publish","4":"has-post-thumbnail","6":"product_cat-etelapaaty","7":"product_tag-etelapaaty","8":"product_tag-kaikki","9":"product_tag-muut","10":"product_shipping_class-matkahuolto","12":"first","13":"instock","14":"sale","15":"featured","16":"taxable","17":"shipping-taxable","18":"purchasable","19":"product-type-simple"},"yoast_head":"<!-- This site is optimized with the Yoast SEO Premium plugin v26.9 (Yoast SEO v27.4) - https:\/\/yoast.com\/product\/yoast-seo-premium-wordpress\/ -->\n<title>Etel\u00e4p\u00e4\u00e4ty | Kaulahuivi 2025-26 | Fanmerch Finland<\/title>\n<meta name=\"robots\" content=\"index, follow, max-snippet:-1, max-image-preview:large, max-video-preview:-1\" \/>\n<link rel=\"canonical\" href=\"https:\/\/fanmerch.fi\/en\/product\/etelapaaty-kaulahuivi-2025-26\/\" \/>\n<meta property=\"og:locale\" content=\"en_GB\" \/>\n<meta property=\"og:type\" content=\"article\" \/>\n<meta property=\"og:title\" content=\"Kaulahuivi 2025-26\" \/>\n<meta property=\"og:description\" content=\"Etel\u00e4p\u00e4\u00e4dyn viimeisen Mestis-kauden (2025\u201326) virallinen kaulahuivi. Huivi on valmistettu pehme\u00e4st\u00e4 ja miellytt\u00e4v\u00e4n tuntuisesta neuloksesta, joka tarjoaa erinomaisen l\u00e4mm\u00f6n my\u00f6s kylmemmiss\u00e4 olosuhteissa. Laadukas materiaaliyhdistelm\u00e4 tekee huivista joustavan, napakan ja pitk\u00e4ik\u00e4isen. T\u00e4m\u00e4 huivi valmistetaan rajoitettuna 100 kappaleen er\u00e4n\u00e4 \u2013 varmista omasi ennen kuin er\u00e4 myyd\u00e4\u00e4n loppuun.     Toimitusaika: 1-4 arkip\u00e4iv\u00e4\u00e4    97% Akryyli \/ 3% Lycra\" \/>\n<meta property=\"og:url\" content=\"https:\/\/fanmerch.fi\/en\/product\/etelapaaty-kaulahuivi-2025-26\/\" \/>\n<meta property=\"og:site_name\" content=\"Fanmerch Finland\" \/>\n<meta property=\"article:modified_time\" content=\"2026-04-16T04:46:18+00:00\" \/>\n<meta property=\"og:image\" content=\"https:\/\/fanmerch.fi\/wp-content\/uploads\/2025\/12\/etelapaaty-scarf-2025-26.jpg\" \/>\n\t<meta property=\"og:image:width\" content=\"1695\" \/>\n\t<meta property=\"og:image:height\" content=\"2200\" \/>\n\t<meta property=\"og:image:type\" content=\"image\/jpeg\" \/>\n<meta name=\"twitter:card\" content=\"summary_large_image\" \/>\n<meta name=\"twitter:label1\" content=\"Price\" \/>\n\t<meta name=\"twitter:data1\" content=\"10.00&euro;\" \/>\n\t<meta name=\"twitter:label2\" content=\"Availability\" \/>\n\t<meta name=\"twitter:data2\" content=\"In stock\" \/>\n<script type=\"application\/ld+json\" class=\"yoast-schema-graph\">{\"@context\":\"https:\\\/\\\/schema.org\",\"@graph\":[{\"@type\":\"WebPage\",\"@id\":\"https:\\\/\\\/fanmerch.fi\\\/tuote\\\/etelapaaty-kaulahuivi-2025-26\\\/\",\"url\":\"https:\\\/\\\/fanmerch.fi\\\/tuote\\\/etelapaaty-kaulahuivi-2025-26\\\/\",\"name\":\"Etel\u00e4p\u00e4\u00e4ty | Kaulahuivi 2025-26 | Fanmerch Finland\",\"isPartOf\":{\"@id\":\"https:\\\/\\\/fanmerch.fi\\\/#website\"},\"primaryImageOfPage\":{\"@id\":\"https:\\\/\\\/fanmerch.fi\\\/tuote\\\/etelapaaty-kaulahuivi-2025-26\\\/#primaryimage\"},\"image\":{\"@id\":\"https:\\\/\\\/fanmerch.fi\\\/tuote\\\/etelapaaty-kaulahuivi-2025-26\\\/#primaryimage\"},\"thumbnailUrl\":\"https:\\\/\\\/fanmerch.fi\\\/wp-content\\\/uploads\\\/2025\\\/12\\\/etelapaaty-scarf-2025-26.jpg\",\"datePublished\":\"2026-03-21T17:12:46+00:00\",\"dateModified\":\"2026-04-16T04:46:18+00:00\",\"breadcrumb\":{\"@id\":\"https:\\\/\\\/fanmerch.fi\\\/tuote\\\/etelapaaty-kaulahuivi-2025-26\\\/#breadcrumb\"},\"inLanguage\":\"en-GB\",\"potentialAction\":[{\"@type\":\"ReadAction\",\"target\":[\"https:\\\/\\\/fanmerch.fi\\\/tuote\\\/etelapaaty-kaulahuivi-2025-26\\\/\"]}]},{\"@type\":\"ImageObject\",\"inLanguage\":\"en-GB\",\"@id\":\"https:\\\/\\\/fanmerch.fi\\\/tuote\\\/etelapaaty-kaulahuivi-2025-26\\\/#primaryimage\",\"url\":\"https:\\\/\\\/fanmerch.fi\\\/wp-content\\\/uploads\\\/2025\\\/12\\\/etelapaaty-scarf-2025-26.jpg\",\"contentUrl\":\"https:\\\/\\\/fanmerch.fi\\\/wp-content\\\/uploads\\\/2025\\\/12\\\/etelapaaty-scarf-2025-26.jpg\",\"width\":1695,\"height\":2200},{\"@type\":\"BreadcrumbList\",\"@id\":\"https:\\\/\\\/fanmerch.fi\\\/tuote\\\/etelapaaty-kaulahuivi-2025-26\\\/#breadcrumb\",\"itemListElement\":[{\"@type\":\"ListItem\",\"position\":1,\"name\":\"Etusivu\",\"item\":\"https:\\\/\\\/fanmerch.fi\\\/\"},{\"@type\":\"ListItem\",\"position\":2,\"name\":\"Kauppa\",\"item\":\"https:\\\/\\\/fanmerch.fi\\\/kauppa\\\/\"},{\"@type\":\"ListItem\",\"position\":3,\"name\":\"Kaulahuivi 2025-26\"}]},{\"@type\":\"WebSite\",\"@id\":\"https:\\\/\\\/fanmerch.fi\\\/#website\",\"url\":\"https:\\\/\\\/fanmerch.fi\\\/\",\"name\":\"Fanmerch Finland\",\"description\":\"\",\"potentialAction\":[{\"@type\":\"SearchAction\",\"target\":{\"@type\":\"EntryPoint\",\"urlTemplate\":\"https:\\\/\\\/fanmerch.fi\\\/?s={search_term_string}\"},\"query-input\":{\"@type\":\"PropertyValueSpecification\",\"valueRequired\":true,\"valueName\":\"search_term_string\"}}],\"inLanguage\":\"en-GB\"}]}<\/script>\n<meta property=\"product:price:amount\" content=\"10.00\" \/>\n<meta property=\"product:price:currency\" content=\"EUR\" \/>\n<meta property=\"og:availability\" content=\"instock\" \/>\n<meta property=\"product:availability\" content=\"instock\" \/>\n<meta property=\"product:retailer_item_id\" content=\"Etel\u00e4p\u00e4\u00e4ty \/ Kaulahuivi 2025-26\" \/>\n<meta property=\"product:condition\" content=\"new\" \/>\n<!-- \/ Yoast SEO Premium plugin. -->","yoast_head_json":{"title":"Etel\u00e4p\u00e4\u00e4ty | Kaulahuivi 2025-26 | Fanmerch Finland","robots":{"index":"index","follow":"follow","max-snippet":"max-snippet:-1","max-image-preview":"max-image-preview:large","max-video-preview":"max-video-preview:-1"},"canonical":"https:\/\/fanmerch.fi\/en\/product\/etelapaaty-kaulahuivi-2025-26\/","og_locale":"en_GB","og_type":"article","og_title":"Kaulahuivi 2025-26","og_description":"Etel\u00e4p\u00e4\u00e4dyn viimeisen Mestis-kauden (2025\u201326) virallinen kaulahuivi. Huivi on valmistettu pehme\u00e4st\u00e4 ja miellytt\u00e4v\u00e4n tuntuisesta neuloksesta, joka tarjoaa erinomaisen l\u00e4mm\u00f6n my\u00f6s kylmemmiss\u00e4 olosuhteissa. Laadukas materiaaliyhdistelm\u00e4 tekee huivista joustavan, napakan ja pitk\u00e4ik\u00e4isen. T\u00e4m\u00e4 huivi valmistetaan rajoitettuna 100 kappaleen er\u00e4n\u00e4 \u2013 varmista omasi ennen kuin er\u00e4 myyd\u00e4\u00e4n loppuun.     Toimitusaika: 1-4 arkip\u00e4iv\u00e4\u00e4    97% Akryyli \/ 3% Lycra","og_url":"https:\/\/fanmerch.fi\/en\/product\/etelapaaty-kaulahuivi-2025-26\/","og_site_name":"Fanmerch Finland","article_modified_time":"2026-04-16T04:46:18+00:00","og_image":[{"width":1695,"height":2200,"url":"https:\/\/fanmerch.fi\/wp-content\/uploads\/2025\/12\/etelapaaty-scarf-2025-26.jpg","type":"image\/jpeg"}],"twitter_card":"summary_large_image","twitter_misc":{"Price":"10.00&euro;","Availability":"In stock"},"schema":{"@context":"https:\/\/schema.org","@graph":[{"@type":"WebPage","@id":"https:\/\/fanmerch.fi\/tuote\/etelapaaty-kaulahuivi-2025-26\/","url":"https:\/\/fanmerch.fi\/tuote\/etelapaaty-kaulahuivi-2025-26\/","name":"Etel\u00e4p\u00e4\u00e4ty | Kaulahuivi 2025-26 | Fanmerch Finland","isPartOf":{"@id":"https:\/\/fanmerch.fi\/#website"},"primaryImageOfPage":{"@id":"https:\/\/fanmerch.fi\/tuote\/etelapaaty-kaulahuivi-2025-26\/#primaryimage"},"image":{"@id":"https:\/\/fanmerch.fi\/tuote\/etelapaaty-kaulahuivi-2025-26\/#primaryimage"},"thumbnailUrl":"https:\/\/fanmerch.fi\/wp-content\/uploads\/2025\/12\/etelapaaty-scarf-2025-26.jpg","datePublished":"2026-03-21T17:12:46+00:00","dateModified":"2026-04-16T04:46:18+00:00","breadcrumb":{"@id":"https:\/\/fanmerch.fi\/tuote\/etelapaaty-kaulahuivi-2025-26\/#breadcrumb"},"inLanguage":"en-GB","potentialAction":[{"@type":"ReadAction","target":["https:\/\/fanmerch.fi\/tuote\/etelapaaty-kaulahuivi-2025-26\/"]}]},{"@type":"ImageObject","inLanguage":"en-GB","@id":"https:\/\/fanmerch.fi\/tuote\/etelapaaty-kaulahuivi-2025-26\/#primaryimage","url":"https:\/\/fanmerch.fi\/wp-content\/uploads\/2025\/12\/etelapaaty-scarf-2025-26.jpg","contentUrl":"https:\/\/fanmerch.fi\/wp-content\/uploads\/2025\/12\/etelapaaty-scarf-2025-26.jpg","width":1695,"height":2200},{"@type":"BreadcrumbList","@id":"https:\/\/fanmerch.fi\/tuote\/etelapaaty-kaulahuivi-2025-26\/#breadcrumb","itemListElement":[{"@type":"ListItem","position":1,"name":"Etusivu","item":"https:\/\/fanmerch.fi\/"},{"@type":"ListItem","position":2,"name":"Kauppa","item":"https:\/\/fanmerch.fi\/kauppa\/"},{"@type":"ListItem","position":3,"name":"Kaulahuivi 2025-26"}]},{"@type":"WebSite","@id":"https:\/\/fanmerch.fi\/#website","url":"https:\/\/fanmerch.fi\/","name":"Fanmerch Finland","description":"","potentialAction":[{"@type":"SearchAction","target":{"@type":"EntryPoint","urlTemplate":"https:\/\/fanmerch.fi\/?s={search_term_string}"},"query-input":{"@type":"PropertyValueSpecification","valueRequired":true,"valueName":"search_term_string"}}],"inLanguage":"en-GB"}]},"product_price_amount":"10.00","product_price_currency":"EUR","og_availability":"instock","product_availability":"instock","product_retailer_item_id":"Etel\u00e4p\u00e4\u00e4ty \/ Kaulahuivi 2025-26","product_condition":"new"},"_links":{"self":[{"href":"https:\/\/fanmerch.fi\/en\/wp-json\/wp\/v2\/product\/54310","targetHints":{"allow":["GET"]}}],"collection":[{"href":"https:\/\/fanmerch.fi\/en\/wp-json\/wp\/v2\/product"}],"about":[{"href":"https:\/\/fanmerch.fi\/en\/wp-json\/wp\/v2\/types\/product"}],"author":[{"embeddable":true,"href":"https:\/\/fanmerch.fi\/en\/wp-json\/wp\/v2\/users\/8"}],"version-history":[{"count":2,"href":"https:\/\/fanmerch.fi\/en\/wp-json\/wp\/v2\/product\/54310\/revisions"}],"predecessor-version":[{"id":54677,"href":"https:\/\/fanmerch.fi\/en\/wp-json\/wp\/v2\/product\/54310\/revisions\/54677"}],"wp:featuredmedia":[{"embeddable":true,"href":"https:\/\/fanmerch.fi\/en\/wp-json\/wp\/v2\/media\/54311"}],"wp:attachment":[{"href":"https:\/\/fanmerch.fi\/en\/wp-json\/wp\/v2\/media?parent=54310"}],"wp:term":[{"taxonomy":"product_brand","embeddable":true,"href":"https:\/\/fanmerch.fi\/en\/wp-json\/wp\/v2\/product_brand?post=54310"},{"taxonomy":"product_cat","embeddable":true,"href":"https:\/\/fanmerch.fi\/en\/wp-json\/wp\/v2\/product_cat?post=54310"},{"taxonomy":"product_tag","embeddable":true,"href":"https:\/\/fanmerch.fi\/en\/wp-json\/wp\/v2\/product_tag?post=54310"}],"curies":[{"name":"wp","href":"https:\/\/api.w.org\/{rel}","templated":true}]}}