{"id":54703,"date":"2026-03-21T16:05:23","date_gmt":"2026-03-21T13:05:23","guid":{"rendered":"https:\/\/fanmerch.fi\/?post_type=product&#038;p=54703"},"modified":"2026-04-20T13:42:05","modified_gmt":"2026-04-20T10:42:05","slug":"etelapaaty-kaulahuivi-2025-26-taitepipo","status":"publish","type":"product","link":"https:\/\/fanmerch.fi\/en\/product\/etelapaaty-kaulahuivi-2025-26-taitepipo\/","title":{"rendered":"Kaulahuivi 2025-26 + Taitepipo"},"content":{"rendered":"","protected":false},"excerpt":{"rendered":"<p class=\"ai-optimize-17\" data-pm-slice=\"1 1 []\">Etel\u00e4p\u00e4\u00e4dyn viimeisen Mestis-kauden (2025\u201326) virallinen kaulahuivi ja Punakeltainen Stadi taitepipo. Huivi on valmistettu pehme\u00e4st\u00e4 ja miellytt\u00e4v\u00e4n tuntuisesta neuloksesta, joka tarjoaa erinomaisen l\u00e4mm\u00f6n my\u00f6s kylmemmiss\u00e4 olosuhteissa. Laadukas materiaaliyhdistelm\u00e4 tekee huivista joustavan, napakan ja pitk\u00e4ik\u00e4isen. T\u00e4m\u00e4 huivi on valmistettu rajoitettuna 100 kappaleen er\u00e4n\u00e4 \u2013 varmista omasi ennen kuin er\u00e4 myyd\u00e4\u00e4n loppuun.<\/p>\n<p>Etel\u00e4p\u00e4\u00e4ty \u201dPunakeltainen Stadi\u201d punainen taitepipo. Edess\u00e4 logobrodeeraus. Yksi koko \u2013 sopii useimmille<\/p>\n<ul>\n<li class=\"ai-optimize-12\">\n<h5 class=\"ai-optimize-13\"><strong>Toimitusaika: 1-4 arkip\u00e4iv\u00e4\u00e4<\/strong><\/h5>\n<\/li>\n<li class=\"ai-optimize-14\">\n<h5 class=\"ai-optimize-15\"><strong>Huivi: 97% Akryyli \/ 3% Lycra, Taitepipo: 100% Akryyli<\/strong><\/h5>\n<\/li>\n<\/ul>","protected":false},"author":8,"featured_media":54704,"template":"","meta":[],"product_brand":[],"product_cat":[19],"product_tag":[20,136,25,170],"class_list":{"0":"post-54703","1":"product","2":"type-product","3":"status-publish","4":"has-post-thumbnail","6":"product_cat-etelapaaty","7":"product_tag-etelapaaty","8":"product_tag-kaikki","9":"product_tag-muut","10":"product_tag-paahineet","11":"product_shipping_class-matkahuolto","13":"first","14":"instock","15":"sale","16":"featured","17":"taxable","18":"shipping-taxable","19":"purchasable","20":"product-type-simple"},"yoast_head":"<!-- This site is optimized with the Yoast SEO Premium plugin v26.9 (Yoast SEO v27.4) - https:\/\/yoast.com\/product\/yoast-seo-premium-wordpress\/ -->\n<title>Etel\u00e4p\u00e4\u00e4ty | Kaulahuivi 2025-26 + Taitepipo | Fanmerch Finland<\/title>\n<meta name=\"robots\" content=\"index, follow, max-snippet:-1, max-image-preview:large, max-video-preview:-1\" \/>\n<link rel=\"canonical\" href=\"https:\/\/fanmerch.fi\/en\/product\/etelapaaty-kaulahuivi-2025-26-taitepipo\/\" \/>\n<meta property=\"og:locale\" content=\"en_GB\" \/>\n<meta property=\"og:type\" content=\"article\" \/>\n<meta property=\"og:title\" content=\"Kaulahuivi 2025-26 + Taitepipo\" \/>\n<meta property=\"og:description\" content=\"Etel\u00e4p\u00e4\u00e4dyn viimeisen Mestis-kauden (2025\u201326) virallinen kaulahuivi ja Punakeltainen Stadi taitepipo. Huivi on valmistettu pehme\u00e4st\u00e4 ja miellytt\u00e4v\u00e4n tuntuisesta neuloksesta, joka tarjoaa erinomaisen l\u00e4mm\u00f6n my\u00f6s kylmemmiss\u00e4 olosuhteissa. Laadukas materiaaliyhdistelm\u00e4 tekee huivista joustavan, napakan ja pitk\u00e4ik\u00e4isen. T\u00e4m\u00e4 huivi on valmistettu rajoitettuna 100 kappaleen er\u00e4n\u00e4 \u2013 varmista omasi ennen kuin er\u00e4 myyd\u00e4\u00e4n loppuun. Etel\u00e4p\u00e4\u00e4ty \u201dPunakeltainen Stadi\u201d punainen taitepipo. Edess\u00e4 logobrodeeraus. Yksi koko \u2013 sopii useimmille    Toimitusaika: 1-4 arkip\u00e4iv\u00e4\u00e4    Huivi: 97% Akryyli \/ 3% Lycra, Taitepipo: 100% Akryyli\" \/>\n<meta property=\"og:url\" content=\"https:\/\/fanmerch.fi\/en\/product\/etelapaaty-kaulahuivi-2025-26-taitepipo\/\" \/>\n<meta property=\"og:site_name\" content=\"Fanmerch Finland\" \/>\n<meta property=\"article:modified_time\" content=\"2026-04-20T10:42:05+00:00\" \/>\n<meta property=\"og:image\" content=\"https:\/\/fanmerch.fi\/wp-content\/uploads\/2025\/12\/etelapaaty-kaulahuivi-25-26-taitepipo.jpg\" \/>\n\t<meta property=\"og:image:width\" content=\"1695\" \/>\n\t<meta property=\"og:image:height\" content=\"2200\" \/>\n\t<meta property=\"og:image:type\" content=\"image\/jpeg\" \/>\n<meta name=\"twitter:card\" content=\"summary_large_image\" \/>\n<meta name=\"twitter:label1\" content=\"Price\" \/>\n\t<meta name=\"twitter:data1\" content=\"20.00&euro;\" \/>\n\t<meta name=\"twitter:label2\" content=\"Availability\" \/>\n\t<meta name=\"twitter:data2\" content=\"In stock\" \/>\n<script type=\"application\/ld+json\" class=\"yoast-schema-graph\">{\"@context\":\"https:\\\/\\\/schema.org\",\"@graph\":[{\"@type\":\"WebPage\",\"@id\":\"https:\\\/\\\/fanmerch.fi\\\/tuote\\\/etelapaaty-kaulahuivi-2025-26-taitepipo\\\/\",\"url\":\"https:\\\/\\\/fanmerch.fi\\\/tuote\\\/etelapaaty-kaulahuivi-2025-26-taitepipo\\\/\",\"name\":\"Etel\u00e4p\u00e4\u00e4ty | Kaulahuivi 2025-26 + Taitepipo | Fanmerch Finland\",\"isPartOf\":{\"@id\":\"https:\\\/\\\/fanmerch.fi\\\/#website\"},\"primaryImageOfPage\":{\"@id\":\"https:\\\/\\\/fanmerch.fi\\\/tuote\\\/etelapaaty-kaulahuivi-2025-26-taitepipo\\\/#primaryimage\"},\"image\":{\"@id\":\"https:\\\/\\\/fanmerch.fi\\\/tuote\\\/etelapaaty-kaulahuivi-2025-26-taitepipo\\\/#primaryimage\"},\"thumbnailUrl\":\"https:\\\/\\\/fanmerch.fi\\\/wp-content\\\/uploads\\\/2025\\\/12\\\/etelapaaty-kaulahuivi-25-26-taitepipo.jpg\",\"datePublished\":\"2026-03-21T13:05:23+00:00\",\"dateModified\":\"2026-04-20T10:42:05+00:00\",\"breadcrumb\":{\"@id\":\"https:\\\/\\\/fanmerch.fi\\\/tuote\\\/etelapaaty-kaulahuivi-2025-26-taitepipo\\\/#breadcrumb\"},\"inLanguage\":\"en-GB\",\"potentialAction\":[{\"@type\":\"ReadAction\",\"target\":[\"https:\\\/\\\/fanmerch.fi\\\/tuote\\\/etelapaaty-kaulahuivi-2025-26-taitepipo\\\/\"]}]},{\"@type\":\"ImageObject\",\"inLanguage\":\"en-GB\",\"@id\":\"https:\\\/\\\/fanmerch.fi\\\/tuote\\\/etelapaaty-kaulahuivi-2025-26-taitepipo\\\/#primaryimage\",\"url\":\"https:\\\/\\\/fanmerch.fi\\\/wp-content\\\/uploads\\\/2025\\\/12\\\/etelapaaty-kaulahuivi-25-26-taitepipo.jpg\",\"contentUrl\":\"https:\\\/\\\/fanmerch.fi\\\/wp-content\\\/uploads\\\/2025\\\/12\\\/etelapaaty-kaulahuivi-25-26-taitepipo.jpg\",\"width\":1695,\"height\":2200},{\"@type\":\"BreadcrumbList\",\"@id\":\"https:\\\/\\\/fanmerch.fi\\\/tuote\\\/etelapaaty-kaulahuivi-2025-26-taitepipo\\\/#breadcrumb\",\"itemListElement\":[{\"@type\":\"ListItem\",\"position\":1,\"name\":\"Etusivu\",\"item\":\"https:\\\/\\\/fanmerch.fi\\\/\"},{\"@type\":\"ListItem\",\"position\":2,\"name\":\"Kauppa\",\"item\":\"https:\\\/\\\/fanmerch.fi\\\/kauppa\\\/\"},{\"@type\":\"ListItem\",\"position\":3,\"name\":\"Kaulahuivi 2025-26 + Taitepipo\"}]},{\"@type\":\"WebSite\",\"@id\":\"https:\\\/\\\/fanmerch.fi\\\/#website\",\"url\":\"https:\\\/\\\/fanmerch.fi\\\/\",\"name\":\"Fanmerch Finland\",\"description\":\"\",\"potentialAction\":[{\"@type\":\"SearchAction\",\"target\":{\"@type\":\"EntryPoint\",\"urlTemplate\":\"https:\\\/\\\/fanmerch.fi\\\/?s={search_term_string}\"},\"query-input\":{\"@type\":\"PropertyValueSpecification\",\"valueRequired\":true,\"valueName\":\"search_term_string\"}}],\"inLanguage\":\"en-GB\"}]}<\/script>\n<meta property=\"product:price:amount\" content=\"20.00\" \/>\n<meta property=\"product:price:currency\" content=\"EUR\" \/>\n<meta property=\"og:availability\" content=\"instock\" \/>\n<meta property=\"product:availability\" content=\"instock\" \/>\n<meta property=\"product:retailer_item_id\" content=\"Etel\u00e4p\u00e4\u00e4ty \/ Kaulahuivi 2025-26 + Taitepipo\" \/>\n<meta property=\"product:condition\" content=\"new\" \/>\n<!-- \/ Yoast SEO Premium plugin. -->","yoast_head_json":{"title":"Etel\u00e4p\u00e4\u00e4ty | Kaulahuivi 2025-26 + Taitepipo | Fanmerch Finland","robots":{"index":"index","follow":"follow","max-snippet":"max-snippet:-1","max-image-preview":"max-image-preview:large","max-video-preview":"max-video-preview:-1"},"canonical":"https:\/\/fanmerch.fi\/en\/product\/etelapaaty-kaulahuivi-2025-26-taitepipo\/","og_locale":"en_GB","og_type":"article","og_title":"Kaulahuivi 2025-26 + Taitepipo","og_description":"Etel\u00e4p\u00e4\u00e4dyn viimeisen Mestis-kauden (2025\u201326) virallinen kaulahuivi ja Punakeltainen Stadi taitepipo. Huivi on valmistettu pehme\u00e4st\u00e4 ja miellytt\u00e4v\u00e4n tuntuisesta neuloksesta, joka tarjoaa erinomaisen l\u00e4mm\u00f6n my\u00f6s kylmemmiss\u00e4 olosuhteissa. Laadukas materiaaliyhdistelm\u00e4 tekee huivista joustavan, napakan ja pitk\u00e4ik\u00e4isen. T\u00e4m\u00e4 huivi on valmistettu rajoitettuna 100 kappaleen er\u00e4n\u00e4 \u2013 varmista omasi ennen kuin er\u00e4 myyd\u00e4\u00e4n loppuun. Etel\u00e4p\u00e4\u00e4ty \u201dPunakeltainen Stadi\u201d punainen taitepipo. Edess\u00e4 logobrodeeraus. Yksi koko \u2013 sopii useimmille    Toimitusaika: 1-4 arkip\u00e4iv\u00e4\u00e4    Huivi: 97% Akryyli \/ 3% Lycra, Taitepipo: 100% Akryyli","og_url":"https:\/\/fanmerch.fi\/en\/product\/etelapaaty-kaulahuivi-2025-26-taitepipo\/","og_site_name":"Fanmerch Finland","article_modified_time":"2026-04-20T10:42:05+00:00","og_image":[{"width":1695,"height":2200,"url":"https:\/\/fanmerch.fi\/wp-content\/uploads\/2025\/12\/etelapaaty-kaulahuivi-25-26-taitepipo.jpg","type":"image\/jpeg"}],"twitter_card":"summary_large_image","twitter_misc":{"Price":"20.00&euro;","Availability":"In stock"},"schema":{"@context":"https:\/\/schema.org","@graph":[{"@type":"WebPage","@id":"https:\/\/fanmerch.fi\/tuote\/etelapaaty-kaulahuivi-2025-26-taitepipo\/","url":"https:\/\/fanmerch.fi\/tuote\/etelapaaty-kaulahuivi-2025-26-taitepipo\/","name":"Etel\u00e4p\u00e4\u00e4ty | Kaulahuivi 2025-26 + Taitepipo | Fanmerch Finland","isPartOf":{"@id":"https:\/\/fanmerch.fi\/#website"},"primaryImageOfPage":{"@id":"https:\/\/fanmerch.fi\/tuote\/etelapaaty-kaulahuivi-2025-26-taitepipo\/#primaryimage"},"image":{"@id":"https:\/\/fanmerch.fi\/tuote\/etelapaaty-kaulahuivi-2025-26-taitepipo\/#primaryimage"},"thumbnailUrl":"https:\/\/fanmerch.fi\/wp-content\/uploads\/2025\/12\/etelapaaty-kaulahuivi-25-26-taitepipo.jpg","datePublished":"2026-03-21T13:05:23+00:00","dateModified":"2026-04-20T10:42:05+00:00","breadcrumb":{"@id":"https:\/\/fanmerch.fi\/tuote\/etelapaaty-kaulahuivi-2025-26-taitepipo\/#breadcrumb"},"inLanguage":"en-GB","potentialAction":[{"@type":"ReadAction","target":["https:\/\/fanmerch.fi\/tuote\/etelapaaty-kaulahuivi-2025-26-taitepipo\/"]}]},{"@type":"ImageObject","inLanguage":"en-GB","@id":"https:\/\/fanmerch.fi\/tuote\/etelapaaty-kaulahuivi-2025-26-taitepipo\/#primaryimage","url":"https:\/\/fanmerch.fi\/wp-content\/uploads\/2025\/12\/etelapaaty-kaulahuivi-25-26-taitepipo.jpg","contentUrl":"https:\/\/fanmerch.fi\/wp-content\/uploads\/2025\/12\/etelapaaty-kaulahuivi-25-26-taitepipo.jpg","width":1695,"height":2200},{"@type":"BreadcrumbList","@id":"https:\/\/fanmerch.fi\/tuote\/etelapaaty-kaulahuivi-2025-26-taitepipo\/#breadcrumb","itemListElement":[{"@type":"ListItem","position":1,"name":"Etusivu","item":"https:\/\/fanmerch.fi\/"},{"@type":"ListItem","position":2,"name":"Kauppa","item":"https:\/\/fanmerch.fi\/kauppa\/"},{"@type":"ListItem","position":3,"name":"Kaulahuivi 2025-26 + Taitepipo"}]},{"@type":"WebSite","@id":"https:\/\/fanmerch.fi\/#website","url":"https:\/\/fanmerch.fi\/","name":"Fanmerch Finland","description":"","potentialAction":[{"@type":"SearchAction","target":{"@type":"EntryPoint","urlTemplate":"https:\/\/fanmerch.fi\/?s={search_term_string}"},"query-input":{"@type":"PropertyValueSpecification","valueRequired":true,"valueName":"search_term_string"}}],"inLanguage":"en-GB"}]},"product_price_amount":"20.00","product_price_currency":"EUR","og_availability":"instock","product_availability":"instock","product_retailer_item_id":"Etel\u00e4p\u00e4\u00e4ty \/ Kaulahuivi 2025-26 + Taitepipo","product_condition":"new"},"_links":{"self":[{"href":"https:\/\/fanmerch.fi\/en\/wp-json\/wp\/v2\/product\/54703","targetHints":{"allow":["GET"]}}],"collection":[{"href":"https:\/\/fanmerch.fi\/en\/wp-json\/wp\/v2\/product"}],"about":[{"href":"https:\/\/fanmerch.fi\/en\/wp-json\/wp\/v2\/types\/product"}],"author":[{"embeddable":true,"href":"https:\/\/fanmerch.fi\/en\/wp-json\/wp\/v2\/users\/8"}],"version-history":[{"count":2,"href":"https:\/\/fanmerch.fi\/en\/wp-json\/wp\/v2\/product\/54703\/revisions"}],"predecessor-version":[{"id":54910,"href":"https:\/\/fanmerch.fi\/en\/wp-json\/wp\/v2\/product\/54703\/revisions\/54910"}],"wp:featuredmedia":[{"embeddable":true,"href":"https:\/\/fanmerch.fi\/en\/wp-json\/wp\/v2\/media\/54704"}],"wp:attachment":[{"href":"https:\/\/fanmerch.fi\/en\/wp-json\/wp\/v2\/media?parent=54703"}],"wp:term":[{"taxonomy":"product_brand","embeddable":true,"href":"https:\/\/fanmerch.fi\/en\/wp-json\/wp\/v2\/product_brand?post=54703"},{"taxonomy":"product_cat","embeddable":true,"href":"https:\/\/fanmerch.fi\/en\/wp-json\/wp\/v2\/product_cat?post=54703"},{"taxonomy":"product_tag","embeddable":true,"href":"https:\/\/fanmerch.fi\/en\/wp-json\/wp\/v2\/product_tag?post=54703"}],"curies":[{"name":"wp","href":"https:\/\/api.w.org\/{rel}","templated":true}]}}