{"id":54798,"date":"2026-01-19T21:17:33","date_gmt":"2026-01-19T18:17:33","guid":{"rendered":"https:\/\/fanmerch.fi\/?post_type=product&#038;p=54798"},"modified":"2026-01-19T21:30:46","modified_gmt":"2026-01-19T18:30:46","slug":"oriveden-ponnistus-ihmeponnistajat-kirja","status":"publish","type":"product","link":"https:\/\/fanmerch.fi\/en\/product\/oriveden-ponnistus-ihmeponnistajat-kirja\/","title":{"rendered":"Oriveden Ponnistus \u2013 Ihmeponnistajat, Kirja"},"content":{"rendered":"","protected":false},"excerpt":{"rendered":"<p class=\"ai-optimize-23\" data-start=\"135\" data-end=\"460\"><em data-start=\"135\" data-end=\"176\">Oriveden Ponnistus \u2013 Ihmeponnistajat<\/em> kertoo ainutlaatuisen ja inspiroivan tarinan suomalaisesta lentopalloyhteis\u00f6st\u00e4, joka nousi pienelt\u00e4 paikkakunnalta valtakunnalliseksi ilmi\u00f6ksi. Kirja avaa <span class=\"hover:entity-accent entity-underline inline cursor-pointer align-baseline\"><span class=\"whitespace-normal\">Oriveden Ponnistus<\/span><\/span>n liigajaoston vaiheet, haasteet ja saavutukset \u2013 ihmisten, intohimon ja sitkeyden kautta.<\/p>\n<p class=\"ai-optimize-24\" data-start=\"462\" data-end=\"671\">Teos on kunnianosoitus pelaajille, taustajoukoille ja koko yhteis\u00f6lle, joka teki mahdottomasta mahdollista. Pakollinen hankinta kaikille OrPon yst\u00e4ville, lentopallon seuraajille ja urheilutarinoiden yst\u00e4ville.<\/p>\n<p class=\"ai-optimize-25\" data-start=\"673\" data-end=\"690\"><strong data-start=\"673\" data-end=\"690\">Kirjan tiedot<\/strong><\/p>\n<ul data-start=\"691\" data-end=\"918\">\n<li class=\"ai-optimize-26\" data-start=\"691\" data-end=\"720\">\n<p class=\"ai-optimize-27\" data-start=\"693\" data-end=\"720\">Kirjoittaja: Pasi Kivioja<\/p>\n<\/li>\n<li class=\"ai-optimize-28\" data-start=\"721\" data-end=\"770\">\n<p class=\"ai-optimize-29\" data-start=\"723\" data-end=\"770\">Kustantaja: Oriveden Ponnistuksen liigajaosto<\/p>\n<\/li>\n<li class=\"ai-optimize-30\" data-start=\"771\" data-end=\"841\">\n<p class=\"ai-optimize-31\" data-start=\"773\" data-end=\"841\">Copyright: \u00a9 2025 Pasi Kivioja &amp; Oriveden Ponnistuksen liigajaosto<\/p>\n<\/li>\n<li class=\"ai-optimize-32\" data-start=\"842\" data-end=\"872\">\n<p class=\"ai-optimize-33\" data-start=\"844\" data-end=\"872\">Kansi ja taitto: Oridea Oy<\/p>\n<\/li>\n<li class=\"ai-optimize-34\" data-start=\"873\" data-end=\"900\">\n<p class=\"ai-optimize-35\" data-start=\"875\" data-end=\"900\">ISBN: 978-952-94-9986-1<\/p>\n<\/li>\n<\/ul>","protected":false},"author":29,"featured_media":54799,"template":"","meta":[],"product_brand":[],"product_cat":[219],"product_tag":[136,25,220],"class_list":{"0":"post-54798","1":"product","2":"type-product","3":"status-publish","4":"has-post-thumbnail","6":"product_cat-oriveden-ponnistus","7":"product_tag-kaikki","8":"product_tag-muut","9":"product_tag-oriveden-ponnistus","11":"first","12":"instock","13":"taxable","14":"shipping-taxable","15":"purchasable","16":"product-type-simple"},"yoast_head":"<!-- This site is optimized with the Yoast SEO Premium plugin v26.9 (Yoast SEO v27.4) - https:\/\/yoast.com\/product\/yoast-seo-premium-wordpress\/ -->\n<title>Oriveden Ponnistus Oriveden Ponnistus \u2013 Ihmeponnistajat, Kirja | Fanmerch Finland<\/title>\n<meta name=\"robots\" content=\"index, follow, max-snippet:-1, max-image-preview:large, max-video-preview:-1\" \/>\n<link rel=\"canonical\" href=\"https:\/\/fanmerch.fi\/en\/product\/oriveden-ponnistus-ihmeponnistajat-kirja\/\" \/>\n<meta property=\"og:locale\" content=\"en_GB\" \/>\n<meta property=\"og:type\" content=\"article\" \/>\n<meta property=\"og:title\" content=\"Oriveden Ponnistus \u2013 Ihmeponnistajat, Kirja\" \/>\n<meta property=\"og:description\" content=\"Oriveden Ponnistus \u2013 Ihmeponnistajat kertoo ainutlaatuisen ja inspiroivan tarinan suomalaisesta lentopalloyhteis\u00f6st\u00e4, joka nousi pienelt\u00e4 paikkakunnalta valtakunnalliseksi ilmi\u00f6ksi. Kirja avaa Oriveden Ponnistusn liigajaoston vaiheet, haasteet ja saavutukset \u2013 ihmisten, intohimon ja sitkeyden kautta. Teos on kunnianosoitus pelaajille, taustajoukoille ja koko yhteis\u00f6lle, joka teki mahdottomasta mahdollista. Pakollinen hankinta kaikille OrPon yst\u00e4ville, lentopallon seuraajille ja urheilutarinoiden yst\u00e4ville. Kirjan tiedot     Kirjoittaja: Pasi Kivioja    Kustantaja: Oriveden Ponnistuksen liigajaosto    Copyright: \u00a9 2025 Pasi Kivioja &amp; Oriveden Ponnistuksen liigajaosto    Kansi ja taitto: Oridea Oy    ISBN: 978-952-94-9986-1\" \/>\n<meta property=\"og:url\" content=\"https:\/\/fanmerch.fi\/en\/product\/oriveden-ponnistus-ihmeponnistajat-kirja\/\" \/>\n<meta property=\"og:site_name\" content=\"Fanmerch Finland\" \/>\n<meta property=\"article:modified_time\" content=\"2026-01-19T18:30:46+00:00\" \/>\n<meta property=\"og:image\" content=\"https:\/\/fanmerch.fi\/wp-content\/uploads\/2026\/01\/oriveden-ponnistus-ihmeponnistajat-ktja.jpeg\" \/>\n\t<meta property=\"og:image:width\" content=\"1232\" \/>\n\t<meta property=\"og:image:height\" content=\"1600\" \/>\n\t<meta property=\"og:image:type\" content=\"image\/jpeg\" \/>\n<meta name=\"twitter:card\" content=\"summary_large_image\" \/>\n<meta name=\"twitter:label1\" content=\"Price\" \/>\n\t<meta name=\"twitter:data1\" content=\"30.00&euro;\" \/>\n\t<meta name=\"twitter:label2\" content=\"Availability\" \/>\n\t<meta name=\"twitter:data2\" content=\"In stock\" \/>\n<script type=\"application\/ld+json\" class=\"yoast-schema-graph\">{\"@context\":\"https:\\\/\\\/schema.org\",\"@graph\":[{\"@type\":\"WebPage\",\"@id\":\"https:\\\/\\\/fanmerch.fi\\\/tuote\\\/oriveden-ponnistus-ihmeponnistajat-kirja\\\/\",\"url\":\"https:\\\/\\\/fanmerch.fi\\\/tuote\\\/oriveden-ponnistus-ihmeponnistajat-kirja\\\/\",\"name\":\"Oriveden Ponnistus Oriveden Ponnistus \u2013 Ihmeponnistajat, Kirja | Fanmerch Finland\",\"isPartOf\":{\"@id\":\"https:\\\/\\\/fanmerch.fi\\\/#website\"},\"primaryImageOfPage\":{\"@id\":\"https:\\\/\\\/fanmerch.fi\\\/tuote\\\/oriveden-ponnistus-ihmeponnistajat-kirja\\\/#primaryimage\"},\"image\":{\"@id\":\"https:\\\/\\\/fanmerch.fi\\\/tuote\\\/oriveden-ponnistus-ihmeponnistajat-kirja\\\/#primaryimage\"},\"thumbnailUrl\":\"https:\\\/\\\/fanmerch.fi\\\/wp-content\\\/uploads\\\/2026\\\/01\\\/oriveden-ponnistus-ihmeponnistajat-ktja.jpeg\",\"datePublished\":\"2026-01-19T18:17:33+00:00\",\"dateModified\":\"2026-01-19T18:30:46+00:00\",\"breadcrumb\":{\"@id\":\"https:\\\/\\\/fanmerch.fi\\\/tuote\\\/oriveden-ponnistus-ihmeponnistajat-kirja\\\/#breadcrumb\"},\"inLanguage\":\"en-GB\",\"potentialAction\":[{\"@type\":\"ReadAction\",\"target\":[\"https:\\\/\\\/fanmerch.fi\\\/tuote\\\/oriveden-ponnistus-ihmeponnistajat-kirja\\\/\"]}]},{\"@type\":\"ImageObject\",\"inLanguage\":\"en-GB\",\"@id\":\"https:\\\/\\\/fanmerch.fi\\\/tuote\\\/oriveden-ponnistus-ihmeponnistajat-kirja\\\/#primaryimage\",\"url\":\"https:\\\/\\\/fanmerch.fi\\\/wp-content\\\/uploads\\\/2026\\\/01\\\/oriveden-ponnistus-ihmeponnistajat-ktja.jpeg\",\"contentUrl\":\"https:\\\/\\\/fanmerch.fi\\\/wp-content\\\/uploads\\\/2026\\\/01\\\/oriveden-ponnistus-ihmeponnistajat-ktja.jpeg\",\"width\":1232,\"height\":1600},{\"@type\":\"BreadcrumbList\",\"@id\":\"https:\\\/\\\/fanmerch.fi\\\/tuote\\\/oriveden-ponnistus-ihmeponnistajat-kirja\\\/#breadcrumb\",\"itemListElement\":[{\"@type\":\"ListItem\",\"position\":1,\"name\":\"Etusivu\",\"item\":\"https:\\\/\\\/fanmerch.fi\\\/\"},{\"@type\":\"ListItem\",\"position\":2,\"name\":\"Kauppa\",\"item\":\"https:\\\/\\\/fanmerch.fi\\\/kauppa\\\/\"},{\"@type\":\"ListItem\",\"position\":3,\"name\":\"Oriveden Ponnistus \u2013 Ihmeponnistajat, Kirja\"}]},{\"@type\":\"WebSite\",\"@id\":\"https:\\\/\\\/fanmerch.fi\\\/#website\",\"url\":\"https:\\\/\\\/fanmerch.fi\\\/\",\"name\":\"Fanmerch Finland\",\"description\":\"\",\"potentialAction\":[{\"@type\":\"SearchAction\",\"target\":{\"@type\":\"EntryPoint\",\"urlTemplate\":\"https:\\\/\\\/fanmerch.fi\\\/?s={search_term_string}\"},\"query-input\":{\"@type\":\"PropertyValueSpecification\",\"valueRequired\":true,\"valueName\":\"search_term_string\"}}],\"inLanguage\":\"en-GB\"}]}<\/script>\n<meta property=\"product:price:amount\" content=\"30.00\" \/>\n<meta property=\"product:price:currency\" content=\"EUR\" \/>\n<meta property=\"og:availability\" content=\"instock\" \/>\n<meta property=\"product:availability\" content=\"instock\" \/>\n<meta property=\"product:retailer_item_id\" content=\"Oriveden Ponnistus \/ Ihmeponnistajat \/ Kirja\" \/>\n<meta property=\"product:condition\" content=\"new\" \/>\n<!-- \/ Yoast SEO Premium plugin. -->","yoast_head_json":{"title":"Oriveden Ponnistus Oriveden Ponnistus \u2013 Ihmeponnistajat, Kirja | Fanmerch Finland","robots":{"index":"index","follow":"follow","max-snippet":"max-snippet:-1","max-image-preview":"max-image-preview:large","max-video-preview":"max-video-preview:-1"},"canonical":"https:\/\/fanmerch.fi\/en\/product\/oriveden-ponnistus-ihmeponnistajat-kirja\/","og_locale":"en_GB","og_type":"article","og_title":"Oriveden Ponnistus \u2013 Ihmeponnistajat, Kirja","og_description":"Oriveden Ponnistus \u2013 Ihmeponnistajat kertoo ainutlaatuisen ja inspiroivan tarinan suomalaisesta lentopalloyhteis\u00f6st\u00e4, joka nousi pienelt\u00e4 paikkakunnalta valtakunnalliseksi ilmi\u00f6ksi. Kirja avaa Oriveden Ponnistusn liigajaoston vaiheet, haasteet ja saavutukset \u2013 ihmisten, intohimon ja sitkeyden kautta. Teos on kunnianosoitus pelaajille, taustajoukoille ja koko yhteis\u00f6lle, joka teki mahdottomasta mahdollista. Pakollinen hankinta kaikille OrPon yst\u00e4ville, lentopallon seuraajille ja urheilutarinoiden yst\u00e4ville. Kirjan tiedot     Kirjoittaja: Pasi Kivioja    Kustantaja: Oriveden Ponnistuksen liigajaosto    Copyright: \u00a9 2025 Pasi Kivioja &amp; Oriveden Ponnistuksen liigajaosto    Kansi ja taitto: Oridea Oy    ISBN: 978-952-94-9986-1","og_url":"https:\/\/fanmerch.fi\/en\/product\/oriveden-ponnistus-ihmeponnistajat-kirja\/","og_site_name":"Fanmerch Finland","article_modified_time":"2026-01-19T18:30:46+00:00","og_image":[{"width":1232,"height":1600,"url":"https:\/\/fanmerch.fi\/wp-content\/uploads\/2026\/01\/oriveden-ponnistus-ihmeponnistajat-ktja.jpeg","type":"image\/jpeg"}],"twitter_card":"summary_large_image","twitter_misc":{"Price":"30.00&euro;","Availability":"In stock"},"schema":{"@context":"https:\/\/schema.org","@graph":[{"@type":"WebPage","@id":"https:\/\/fanmerch.fi\/tuote\/oriveden-ponnistus-ihmeponnistajat-kirja\/","url":"https:\/\/fanmerch.fi\/tuote\/oriveden-ponnistus-ihmeponnistajat-kirja\/","name":"Oriveden Ponnistus Oriveden Ponnistus \u2013 Ihmeponnistajat, Kirja | Fanmerch Finland","isPartOf":{"@id":"https:\/\/fanmerch.fi\/#website"},"primaryImageOfPage":{"@id":"https:\/\/fanmerch.fi\/tuote\/oriveden-ponnistus-ihmeponnistajat-kirja\/#primaryimage"},"image":{"@id":"https:\/\/fanmerch.fi\/tuote\/oriveden-ponnistus-ihmeponnistajat-kirja\/#primaryimage"},"thumbnailUrl":"https:\/\/fanmerch.fi\/wp-content\/uploads\/2026\/01\/oriveden-ponnistus-ihmeponnistajat-ktja.jpeg","datePublished":"2026-01-19T18:17:33+00:00","dateModified":"2026-01-19T18:30:46+00:00","breadcrumb":{"@id":"https:\/\/fanmerch.fi\/tuote\/oriveden-ponnistus-ihmeponnistajat-kirja\/#breadcrumb"},"inLanguage":"en-GB","potentialAction":[{"@type":"ReadAction","target":["https:\/\/fanmerch.fi\/tuote\/oriveden-ponnistus-ihmeponnistajat-kirja\/"]}]},{"@type":"ImageObject","inLanguage":"en-GB","@id":"https:\/\/fanmerch.fi\/tuote\/oriveden-ponnistus-ihmeponnistajat-kirja\/#primaryimage","url":"https:\/\/fanmerch.fi\/wp-content\/uploads\/2026\/01\/oriveden-ponnistus-ihmeponnistajat-ktja.jpeg","contentUrl":"https:\/\/fanmerch.fi\/wp-content\/uploads\/2026\/01\/oriveden-ponnistus-ihmeponnistajat-ktja.jpeg","width":1232,"height":1600},{"@type":"BreadcrumbList","@id":"https:\/\/fanmerch.fi\/tuote\/oriveden-ponnistus-ihmeponnistajat-kirja\/#breadcrumb","itemListElement":[{"@type":"ListItem","position":1,"name":"Etusivu","item":"https:\/\/fanmerch.fi\/"},{"@type":"ListItem","position":2,"name":"Kauppa","item":"https:\/\/fanmerch.fi\/kauppa\/"},{"@type":"ListItem","position":3,"name":"Oriveden Ponnistus \u2013 Ihmeponnistajat, Kirja"}]},{"@type":"WebSite","@id":"https:\/\/fanmerch.fi\/#website","url":"https:\/\/fanmerch.fi\/","name":"Fanmerch Finland","description":"","potentialAction":[{"@type":"SearchAction","target":{"@type":"EntryPoint","urlTemplate":"https:\/\/fanmerch.fi\/?s={search_term_string}"},"query-input":{"@type":"PropertyValueSpecification","valueRequired":true,"valueName":"search_term_string"}}],"inLanguage":"en-GB"}]},"product_price_amount":"30.00","product_price_currency":"EUR","og_availability":"instock","product_availability":"instock","product_retailer_item_id":"Oriveden Ponnistus \/ Ihmeponnistajat \/ Kirja","product_condition":"new"},"_links":{"self":[{"href":"https:\/\/fanmerch.fi\/en\/wp-json\/wp\/v2\/product\/54798","targetHints":{"allow":["GET"]}}],"collection":[{"href":"https:\/\/fanmerch.fi\/en\/wp-json\/wp\/v2\/product"}],"about":[{"href":"https:\/\/fanmerch.fi\/en\/wp-json\/wp\/v2\/types\/product"}],"author":[{"embeddable":true,"href":"https:\/\/fanmerch.fi\/en\/wp-json\/wp\/v2\/users\/29"}],"version-history":[{"count":3,"href":"https:\/\/fanmerch.fi\/en\/wp-json\/wp\/v2\/product\/54798\/revisions"}],"predecessor-version":[{"id":54804,"href":"https:\/\/fanmerch.fi\/en\/wp-json\/wp\/v2\/product\/54798\/revisions\/54804"}],"wp:featuredmedia":[{"embeddable":true,"href":"https:\/\/fanmerch.fi\/en\/wp-json\/wp\/v2\/media\/54799"}],"wp:attachment":[{"href":"https:\/\/fanmerch.fi\/en\/wp-json\/wp\/v2\/media?parent=54798"}],"wp:term":[{"taxonomy":"product_brand","embeddable":true,"href":"https:\/\/fanmerch.fi\/en\/wp-json\/wp\/v2\/product_brand?post=54798"},{"taxonomy":"product_cat","embeddable":true,"href":"https:\/\/fanmerch.fi\/en\/wp-json\/wp\/v2\/product_cat?post=54798"},{"taxonomy":"product_tag","embeddable":true,"href":"https:\/\/fanmerch.fi\/en\/wp-json\/wp\/v2\/product_tag?post=54798"}],"curies":[{"name":"wp","href":"https:\/\/api.w.org\/{rel}","templated":true}]}}