{"id":54806,"date":"2026-01-20T15:45:43","date_gmt":"2026-01-20T12:45:43","guid":{"rendered":"https:\/\/fanmerch.fi\/?post_type=product&#038;p=54806"},"modified":"2026-02-01T13:47:33","modified_gmt":"2026-02-01T10:47:33","slug":"if-gnistan-keltasininen-tupsupipo","status":"publish","type":"product","link":"https:\/\/fanmerch.fi\/en\/product\/if-gnistan-keltasininen-tupsupipo\/","title":{"rendered":"Keltasininen, Tupsupipo"},"content":{"rendered":"","protected":false},"excerpt":{"rendered":"<p class=\"ai-optimize-17\"><strong>IF Gnistan's pom-pom beanie is the perfect combination of comfort, style, and quality.<\/strong><\/p>\n<p class=\"ai-optimize-18\">This pom-pom beanie, made from warm material, keeps your head cozy on cold days and is designed to withstand use season after season.<\/p>\n<p class=\"ai-optimize-19\">The pom-pom beanie features a sleek and clear IF Gnistan logo, embodying pride and local community spirit. Whether you're a loyal supporter or simply looking for the perfect hat, the IF Gnistan beanie brings you style and warmth in any situation.<\/p>\n<ul>\n<li class=\"ai-optimize-20\">\n<h5 class=\"ai-optimize-21\">100% acrylic<\/h5>\n<\/li>\n<\/ul>","protected":false},"author":30,"featured_media":54808,"template":"","meta":[],"product_brand":[],"product_cat":[214],"product_tag":[215,136,170],"class_list":{"0":"post-54806","1":"product","2":"type-product","3":"status-publish","4":"has-post-thumbnail","6":"product_cat-if-gnistan","7":"product_tag-if-gnistan","8":"product_tag-kaikki","9":"product_tag-paahineet","11":"first","12":"instock","13":"taxable","14":"shipping-taxable","15":"purchasable","16":"product-type-simple"},"yoast_head":"<!-- This site is optimized with the Yoast SEO Premium plugin v26.9 (Yoast SEO v27.4) - https:\/\/yoast.com\/product\/yoast-seo-premium-wordpress\/ -->\n<title>IF Gnistan | Keltasininen, Tupsupipo | Fanmerch Finland<\/title>\n<meta name=\"robots\" content=\"index, follow, max-snippet:-1, max-image-preview:large, max-video-preview:-1\" \/>\n<link rel=\"canonical\" href=\"https:\/\/fanmerch.fi\/en\/product\/if-gnistan-keltasininen-tupsupipo\/\" \/>\n<meta property=\"og:locale\" content=\"en_GB\" \/>\n<meta property=\"og:type\" content=\"article\" \/>\n<meta property=\"og:title\" content=\"Keltasininen, Tupsupipo\" \/>\n<meta property=\"og:description\" content=\"Gnistanin pipo on t\u00e4ydellinen yhdistelm\u00e4 mukavuutta, tyyli\u00e4 ja laatua. T\u00e4m\u00e4 l\u00e4mpim\u00e4st\u00e4 materiaalista valmistettu pipo pit\u00e4\u00e4 p\u00e4\u00e4n l\u00e4mpim\u00e4n\u00e4 kylmin\u00e4 p\u00e4ivin\u00e4 ja on suunniteltu kest\u00e4m\u00e4\u00e4n k\u00e4yt\u00f6ss\u00e4 kaudesta toiseen. Pipossa on tyylik\u00e4s ja selke\u00e4 Gnistan-logo, joka ilment\u00e4\u00e4 ylpeytt\u00e4 sek\u00e4 paikallista yhteis\u00f6llisyytt\u00e4.\u00a0 Olitpa sitten uskollinen kannattaja tai vain etsit t\u00e4ydellist\u00e4 p\u00e4\u00e4hinett\u00e4, Gnistanin pipo tuo sinulle tyyli\u00e4 ja l\u00e4mp\u00f6\u00e4 joka tilanteessa.     100% akryyli\" \/>\n<meta property=\"og:url\" content=\"https:\/\/fanmerch.fi\/en\/product\/if-gnistan-keltasininen-tupsupipo\/\" \/>\n<meta property=\"og:site_name\" content=\"Fanmerch Finland\" \/>\n<meta property=\"article:modified_time\" content=\"2026-02-01T10:47:33+00:00\" \/>\n<meta property=\"og:image\" content=\"https:\/\/fanmerch.fi\/wp-content\/uploads\/2026\/01\/if-gnistan-tupsupipo-keltasininen.jpg\" \/>\n\t<meta property=\"og:image:width\" content=\"1183\" \/>\n\t<meta property=\"og:image:height\" content=\"1536\" \/>\n\t<meta property=\"og:image:type\" content=\"image\/jpeg\" \/>\n<meta name=\"twitter:card\" content=\"summary_large_image\" \/>\n<meta name=\"twitter:label1\" content=\"Price\" \/>\n\t<meta name=\"twitter:data1\" content=\"25.00&euro;\" \/>\n\t<meta name=\"twitter:label2\" content=\"Availability\" \/>\n\t<meta name=\"twitter:data2\" content=\"In stock\" \/>\n<script type=\"application\/ld+json\" class=\"yoast-schema-graph\">{\"@context\":\"https:\\\/\\\/schema.org\",\"@graph\":[{\"@type\":\"WebPage\",\"@id\":\"https:\\\/\\\/fanmerch.fi\\\/tuote\\\/if-gnistan-keltasininen-tupsupipo\\\/\",\"url\":\"https:\\\/\\\/fanmerch.fi\\\/tuote\\\/if-gnistan-keltasininen-tupsupipo\\\/\",\"name\":\"IF Gnistan | Keltasininen, Tupsupipo | Fanmerch Finland\",\"isPartOf\":{\"@id\":\"https:\\\/\\\/fanmerch.fi\\\/#website\"},\"primaryImageOfPage\":{\"@id\":\"https:\\\/\\\/fanmerch.fi\\\/tuote\\\/if-gnistan-keltasininen-tupsupipo\\\/#primaryimage\"},\"image\":{\"@id\":\"https:\\\/\\\/fanmerch.fi\\\/tuote\\\/if-gnistan-keltasininen-tupsupipo\\\/#primaryimage\"},\"thumbnailUrl\":\"https:\\\/\\\/fanmerch.fi\\\/wp-content\\\/uploads\\\/2026\\\/01\\\/if-gnistan-tupsupipo-keltasininen.jpg\",\"datePublished\":\"2026-01-20T12:45:43+00:00\",\"dateModified\":\"2026-02-01T10:47:33+00:00\",\"breadcrumb\":{\"@id\":\"https:\\\/\\\/fanmerch.fi\\\/tuote\\\/if-gnistan-keltasininen-tupsupipo\\\/#breadcrumb\"},\"inLanguage\":\"en-GB\",\"potentialAction\":[{\"@type\":\"ReadAction\",\"target\":[\"https:\\\/\\\/fanmerch.fi\\\/tuote\\\/if-gnistan-keltasininen-tupsupipo\\\/\"]}]},{\"@type\":\"ImageObject\",\"inLanguage\":\"en-GB\",\"@id\":\"https:\\\/\\\/fanmerch.fi\\\/tuote\\\/if-gnistan-keltasininen-tupsupipo\\\/#primaryimage\",\"url\":\"https:\\\/\\\/fanmerch.fi\\\/wp-content\\\/uploads\\\/2026\\\/01\\\/if-gnistan-tupsupipo-keltasininen.jpg\",\"contentUrl\":\"https:\\\/\\\/fanmerch.fi\\\/wp-content\\\/uploads\\\/2026\\\/01\\\/if-gnistan-tupsupipo-keltasininen.jpg\",\"width\":1183,\"height\":1536},{\"@type\":\"BreadcrumbList\",\"@id\":\"https:\\\/\\\/fanmerch.fi\\\/tuote\\\/if-gnistan-keltasininen-tupsupipo\\\/#breadcrumb\",\"itemListElement\":[{\"@type\":\"ListItem\",\"position\":1,\"name\":\"Etusivu\",\"item\":\"https:\\\/\\\/fanmerch.fi\\\/\"},{\"@type\":\"ListItem\",\"position\":2,\"name\":\"Kauppa\",\"item\":\"https:\\\/\\\/fanmerch.fi\\\/kauppa\\\/\"},{\"@type\":\"ListItem\",\"position\":3,\"name\":\"Keltasininen, Tupsupipo\"}]},{\"@type\":\"WebSite\",\"@id\":\"https:\\\/\\\/fanmerch.fi\\\/#website\",\"url\":\"https:\\\/\\\/fanmerch.fi\\\/\",\"name\":\"Fanmerch Finland\",\"description\":\"\",\"potentialAction\":[{\"@type\":\"SearchAction\",\"target\":{\"@type\":\"EntryPoint\",\"urlTemplate\":\"https:\\\/\\\/fanmerch.fi\\\/?s={search_term_string}\"},\"query-input\":{\"@type\":\"PropertyValueSpecification\",\"valueRequired\":true,\"valueName\":\"search_term_string\"}}],\"inLanguage\":\"en-GB\"}]}<\/script>\n<meta property=\"product:price:amount\" content=\"25.00\" \/>\n<meta property=\"product:price:currency\" content=\"EUR\" \/>\n<meta property=\"og:availability\" content=\"instock\" \/>\n<meta property=\"product:availability\" content=\"instock\" \/>\n<meta property=\"product:retailer_item_id\" content=\"IF Gnistan \/ Keltasininen \/ Tupsupipo\" \/>\n<meta property=\"product:condition\" content=\"new\" \/>\n<!-- \/ Yoast SEO Premium plugin. -->","yoast_head_json":{"title":"IF Gnistan | Keltasininen, Tupsupipo | Fanmerch Finland","robots":{"index":"index","follow":"follow","max-snippet":"max-snippet:-1","max-image-preview":"max-image-preview:large","max-video-preview":"max-video-preview:-1"},"canonical":"https:\/\/fanmerch.fi\/en\/product\/if-gnistan-keltasininen-tupsupipo\/","og_locale":"en_GB","og_type":"article","og_title":"Keltasininen, Tupsupipo","og_description":"Gnistanin pipo on t\u00e4ydellinen yhdistelm\u00e4 mukavuutta, tyyli\u00e4 ja laatua. T\u00e4m\u00e4 l\u00e4mpim\u00e4st\u00e4 materiaalista valmistettu pipo pit\u00e4\u00e4 p\u00e4\u00e4n l\u00e4mpim\u00e4n\u00e4 kylmin\u00e4 p\u00e4ivin\u00e4 ja on suunniteltu kest\u00e4m\u00e4\u00e4n k\u00e4yt\u00f6ss\u00e4 kaudesta toiseen. Pipossa on tyylik\u00e4s ja selke\u00e4 Gnistan-logo, joka ilment\u00e4\u00e4 ylpeytt\u00e4 sek\u00e4 paikallista yhteis\u00f6llisyytt\u00e4.\u00a0 Olitpa sitten uskollinen kannattaja tai vain etsit t\u00e4ydellist\u00e4 p\u00e4\u00e4hinett\u00e4, Gnistanin pipo tuo sinulle tyyli\u00e4 ja l\u00e4mp\u00f6\u00e4 joka tilanteessa.     100% akryyli","og_url":"https:\/\/fanmerch.fi\/en\/product\/if-gnistan-keltasininen-tupsupipo\/","og_site_name":"Fanmerch Finland","article_modified_time":"2026-02-01T10:47:33+00:00","og_image":[{"width":1183,"height":1536,"url":"https:\/\/fanmerch.fi\/wp-content\/uploads\/2026\/01\/if-gnistan-tupsupipo-keltasininen.jpg","type":"image\/jpeg"}],"twitter_card":"summary_large_image","twitter_misc":{"Price":"25.00&euro;","Availability":"In stock"},"schema":{"@context":"https:\/\/schema.org","@graph":[{"@type":"WebPage","@id":"https:\/\/fanmerch.fi\/tuote\/if-gnistan-keltasininen-tupsupipo\/","url":"https:\/\/fanmerch.fi\/tuote\/if-gnistan-keltasininen-tupsupipo\/","name":"IF Gnistan | Keltasininen, Tupsupipo | Fanmerch Finland","isPartOf":{"@id":"https:\/\/fanmerch.fi\/#website"},"primaryImageOfPage":{"@id":"https:\/\/fanmerch.fi\/tuote\/if-gnistan-keltasininen-tupsupipo\/#primaryimage"},"image":{"@id":"https:\/\/fanmerch.fi\/tuote\/if-gnistan-keltasininen-tupsupipo\/#primaryimage"},"thumbnailUrl":"https:\/\/fanmerch.fi\/wp-content\/uploads\/2026\/01\/if-gnistan-tupsupipo-keltasininen.jpg","datePublished":"2026-01-20T12:45:43+00:00","dateModified":"2026-02-01T10:47:33+00:00","breadcrumb":{"@id":"https:\/\/fanmerch.fi\/tuote\/if-gnistan-keltasininen-tupsupipo\/#breadcrumb"},"inLanguage":"en-GB","potentialAction":[{"@type":"ReadAction","target":["https:\/\/fanmerch.fi\/tuote\/if-gnistan-keltasininen-tupsupipo\/"]}]},{"@type":"ImageObject","inLanguage":"en-GB","@id":"https:\/\/fanmerch.fi\/tuote\/if-gnistan-keltasininen-tupsupipo\/#primaryimage","url":"https:\/\/fanmerch.fi\/wp-content\/uploads\/2026\/01\/if-gnistan-tupsupipo-keltasininen.jpg","contentUrl":"https:\/\/fanmerch.fi\/wp-content\/uploads\/2026\/01\/if-gnistan-tupsupipo-keltasininen.jpg","width":1183,"height":1536},{"@type":"BreadcrumbList","@id":"https:\/\/fanmerch.fi\/tuote\/if-gnistan-keltasininen-tupsupipo\/#breadcrumb","itemListElement":[{"@type":"ListItem","position":1,"name":"Etusivu","item":"https:\/\/fanmerch.fi\/"},{"@type":"ListItem","position":2,"name":"Kauppa","item":"https:\/\/fanmerch.fi\/kauppa\/"},{"@type":"ListItem","position":3,"name":"Keltasininen, Tupsupipo"}]},{"@type":"WebSite","@id":"https:\/\/fanmerch.fi\/#website","url":"https:\/\/fanmerch.fi\/","name":"Fanmerch Finland","description":"","potentialAction":[{"@type":"SearchAction","target":{"@type":"EntryPoint","urlTemplate":"https:\/\/fanmerch.fi\/?s={search_term_string}"},"query-input":{"@type":"PropertyValueSpecification","valueRequired":true,"valueName":"search_term_string"}}],"inLanguage":"en-GB"}]},"product_price_amount":"25.00","product_price_currency":"EUR","og_availability":"instock","product_availability":"instock","product_retailer_item_id":"IF Gnistan \/ Keltasininen \/ Tupsupipo","product_condition":"new"},"_links":{"self":[{"href":"https:\/\/fanmerch.fi\/en\/wp-json\/wp\/v2\/product\/54806","targetHints":{"allow":["GET"]}}],"collection":[{"href":"https:\/\/fanmerch.fi\/en\/wp-json\/wp\/v2\/product"}],"about":[{"href":"https:\/\/fanmerch.fi\/en\/wp-json\/wp\/v2\/types\/product"}],"author":[{"embeddable":true,"href":"https:\/\/fanmerch.fi\/en\/wp-json\/wp\/v2\/users\/30"}],"version-history":[{"count":1,"href":"https:\/\/fanmerch.fi\/en\/wp-json\/wp\/v2\/product\/54806\/revisions"}],"predecessor-version":[{"id":54809,"href":"https:\/\/fanmerch.fi\/en\/wp-json\/wp\/v2\/product\/54806\/revisions\/54809"}],"wp:featuredmedia":[{"embeddable":true,"href":"https:\/\/fanmerch.fi\/en\/wp-json\/wp\/v2\/media\/54808"}],"wp:attachment":[{"href":"https:\/\/fanmerch.fi\/en\/wp-json\/wp\/v2\/media?parent=54806"}],"wp:term":[{"taxonomy":"product_brand","embeddable":true,"href":"https:\/\/fanmerch.fi\/en\/wp-json\/wp\/v2\/product_brand?post=54806"},{"taxonomy":"product_cat","embeddable":true,"href":"https:\/\/fanmerch.fi\/en\/wp-json\/wp\/v2\/product_cat?post=54806"},{"taxonomy":"product_tag","embeddable":true,"href":"https:\/\/fanmerch.fi\/en\/wp-json\/wp\/v2\/product_tag?post=54806"}],"curies":[{"name":"wp","href":"https:\/\/api.w.org\/{rel}","templated":true}]}}