{"id":54824,"date":"2026-01-23T17:35:54","date_gmt":"2026-01-23T14:35:54","guid":{"rendered":"https:\/\/fanmerch.fi\/?post_type=product&#038;p=54824"},"modified":"2026-02-13T14:37:03","modified_gmt":"2026-02-13T11:37:03","slug":"pakkalan-palloseura-tupsupipo-kaulahuivi-paketti","status":"publish","type":"product","link":"https:\/\/fanmerch.fi\/en\/product\/pakkalan-palloseura-tupsupipo-kaulahuivi-paketti\/","title":{"rendered":"Pakkalan Palloseura \u2013 tupsupipo &#038; kaulahuivi -paketti"},"content":{"rendered":"","protected":false},"excerpt":{"rendered":"<p class=\"ai-optimize-11\">Tyylik\u00e4s ja laadukas kudottu Pakkalan Palloseura -tupsupipo ja kaulahuivi samassa paketissa \u2013 t\u00e4ydellinen valinta peleihin, treeneihin ja arkeen. Tupsupipossa n\u00e4ytt\u00e4v\u00e4 Pakkalan Palloseura -logobrodeeraus, joka viimeistelee sporttisen ja ajattoman ilmeen. Pehme\u00e4 ja l\u00e4mmin materiaali takaa miellytt\u00e4v\u00e4n k\u00e4ytt\u00f6mukavuuden viile\u00e4mmill\u00e4kin keleill\u00e4. Huivin koko 140cm x 16cm.<\/p>\n<ul>\n<li class=\"ai-optimize-12\">\n<h5 class=\"ai-optimize-13\"><strong>Toimitusaika 1-4 arkip\u00e4iv\u00e4\u00e4<\/strong><\/h5>\n<\/li>\n<li class=\"ai-optimize-14\">\n<h5 class=\"ai-optimize-15\"><strong>100% Acrylic<\/strong><\/h5>\n<\/li>\n<\/ul>","protected":false},"author":1,"featured_media":54825,"template":"","meta":[],"product_brand":[],"product_cat":[234],"product_tag":[136,170,235],"class_list":{"0":"post-54824","1":"product","2":"type-product","3":"status-publish","4":"has-post-thumbnail","6":"product_cat-pakkalan-palloseura","7":"product_tag-kaikki","8":"product_tag-paahineet","9":"product_tag-pakkalan-palloseura","11":"first","12":"instock","13":"sale","14":"taxable","15":"shipping-taxable","16":"purchasable","17":"product-type-simple"},"yoast_head":"<!-- This site is optimized with the Yoast SEO Premium plugin v26.9 (Yoast SEO v27.4) - https:\/\/yoast.com\/product\/yoast-seo-premium-wordpress\/ -->\n<title>Pakkalan Palloseura - Pakkalan Palloseura \u2013 tupsupipo &amp; kaulahuivi -paketti | Fanmerch Finland<\/title>\n<meta name=\"robots\" content=\"index, follow, max-snippet:-1, max-image-preview:large, max-video-preview:-1\" \/>\n<link rel=\"canonical\" href=\"https:\/\/fanmerch.fi\/en\/product\/pakkalan-palloseura-tupsupipo-kaulahuivi-paketti\/\" \/>\n<meta property=\"og:locale\" content=\"en_GB\" \/>\n<meta property=\"og:type\" content=\"article\" \/>\n<meta property=\"og:title\" content=\"Pakkalan Palloseura \u2013 tupsupipo &amp; kaulahuivi -paketti\" \/>\n<meta property=\"og:description\" content=\"Tyylik\u00e4s ja laadukas kudottu Pakkalan Palloseura -tupsupipo ja kaulahuivi samassa paketissa \u2013 t\u00e4ydellinen valinta peleihin, treeneihin ja arkeen. Tupsupipossa n\u00e4ytt\u00e4v\u00e4 Pakkalan Palloseura -logobrodeeraus, joka viimeistelee sporttisen ja ajattoman ilmeen. Pehme\u00e4 ja l\u00e4mmin materiaali takaa miellytt\u00e4v\u00e4n k\u00e4ytt\u00f6mukavuuden viile\u00e4mmill\u00e4kin keleill\u00e4. Huivin koko 140cm x 16cm.     Toimitusaika 1-4 arkip\u00e4iv\u00e4\u00e4    100% Akryyli\" \/>\n<meta property=\"og:url\" content=\"https:\/\/fanmerch.fi\/en\/product\/pakkalan-palloseura-tupsupipo-kaulahuivi-paketti\/\" \/>\n<meta property=\"og:site_name\" content=\"Fanmerch Finland\" \/>\n<meta property=\"article:modified_time\" content=\"2026-02-13T11:37:03+00:00\" \/>\n<meta property=\"og:image\" content=\"https:\/\/fanmerch.fi\/wp-content\/uploads\/2026\/01\/pakkalan-palloseura-scarftupsupipo-2026.jpg\" \/>\n\t<meta property=\"og:image:width\" content=\"1695\" \/>\n\t<meta property=\"og:image:height\" content=\"2200\" \/>\n\t<meta property=\"og:image:type\" content=\"image\/jpeg\" \/>\n<meta name=\"twitter:card\" content=\"summary_large_image\" \/>\n<meta name=\"twitter:label1\" content=\"Price\" \/>\n\t<meta name=\"twitter:data1\" content=\"40.00&euro;\" \/>\n\t<meta name=\"twitter:label2\" content=\"Availability\" \/>\n\t<meta name=\"twitter:data2\" content=\"In stock\" \/>\n<script type=\"application\/ld+json\" class=\"yoast-schema-graph\">{\"@context\":\"https:\\\/\\\/schema.org\",\"@graph\":[{\"@type\":\"WebPage\",\"@id\":\"https:\\\/\\\/fanmerch.fi\\\/tuote\\\/pakkalan-palloseura-tupsupipo-kaulahuivi-paketti\\\/\",\"url\":\"https:\\\/\\\/fanmerch.fi\\\/tuote\\\/pakkalan-palloseura-tupsupipo-kaulahuivi-paketti\\\/\",\"name\":\"Pakkalan Palloseura - Pakkalan Palloseura \u2013 tupsupipo & kaulahuivi -paketti | Fanmerch Finland\",\"isPartOf\":{\"@id\":\"https:\\\/\\\/fanmerch.fi\\\/#website\"},\"primaryImageOfPage\":{\"@id\":\"https:\\\/\\\/fanmerch.fi\\\/tuote\\\/pakkalan-palloseura-tupsupipo-kaulahuivi-paketti\\\/#primaryimage\"},\"image\":{\"@id\":\"https:\\\/\\\/fanmerch.fi\\\/tuote\\\/pakkalan-palloseura-tupsupipo-kaulahuivi-paketti\\\/#primaryimage\"},\"thumbnailUrl\":\"https:\\\/\\\/fanmerch.fi\\\/wp-content\\\/uploads\\\/2026\\\/01\\\/pakkalan-palloseura-scarftupsupipo-2026.jpg\",\"datePublished\":\"2026-01-23T14:35:54+00:00\",\"dateModified\":\"2026-02-13T11:37:03+00:00\",\"breadcrumb\":{\"@id\":\"https:\\\/\\\/fanmerch.fi\\\/tuote\\\/pakkalan-palloseura-tupsupipo-kaulahuivi-paketti\\\/#breadcrumb\"},\"inLanguage\":\"en-GB\",\"potentialAction\":[{\"@type\":\"ReadAction\",\"target\":[\"https:\\\/\\\/fanmerch.fi\\\/tuote\\\/pakkalan-palloseura-tupsupipo-kaulahuivi-paketti\\\/\"]}]},{\"@type\":\"ImageObject\",\"inLanguage\":\"en-GB\",\"@id\":\"https:\\\/\\\/fanmerch.fi\\\/tuote\\\/pakkalan-palloseura-tupsupipo-kaulahuivi-paketti\\\/#primaryimage\",\"url\":\"https:\\\/\\\/fanmerch.fi\\\/wp-content\\\/uploads\\\/2026\\\/01\\\/pakkalan-palloseura-scarftupsupipo-2026.jpg\",\"contentUrl\":\"https:\\\/\\\/fanmerch.fi\\\/wp-content\\\/uploads\\\/2026\\\/01\\\/pakkalan-palloseura-scarftupsupipo-2026.jpg\",\"width\":1695,\"height\":2200},{\"@type\":\"BreadcrumbList\",\"@id\":\"https:\\\/\\\/fanmerch.fi\\\/tuote\\\/pakkalan-palloseura-tupsupipo-kaulahuivi-paketti\\\/#breadcrumb\",\"itemListElement\":[{\"@type\":\"ListItem\",\"position\":1,\"name\":\"Etusivu\",\"item\":\"https:\\\/\\\/fanmerch.fi\\\/\"},{\"@type\":\"ListItem\",\"position\":2,\"name\":\"Kauppa\",\"item\":\"https:\\\/\\\/fanmerch.fi\\\/kauppa\\\/\"},{\"@type\":\"ListItem\",\"position\":3,\"name\":\"Pakkalan Palloseura \u2013 tupsupipo &#038; kaulahuivi -paketti\"}]},{\"@type\":\"WebSite\",\"@id\":\"https:\\\/\\\/fanmerch.fi\\\/#website\",\"url\":\"https:\\\/\\\/fanmerch.fi\\\/\",\"name\":\"Fanmerch Finland\",\"description\":\"\",\"potentialAction\":[{\"@type\":\"SearchAction\",\"target\":{\"@type\":\"EntryPoint\",\"urlTemplate\":\"https:\\\/\\\/fanmerch.fi\\\/?s={search_term_string}\"},\"query-input\":{\"@type\":\"PropertyValueSpecification\",\"valueRequired\":true,\"valueName\":\"search_term_string\"}}],\"inLanguage\":\"en-GB\"}]}<\/script>\n<meta property=\"product:price:amount\" content=\"40.00\" \/>\n<meta property=\"product:price:currency\" content=\"EUR\" \/>\n<meta property=\"og:availability\" content=\"instock\" \/>\n<meta property=\"product:availability\" content=\"instock\" \/>\n<meta property=\"product:retailer_item_id\" content=\"Pakkalan Palloseura \/ Scarf + Tupsupipo 2026\" \/>\n<meta property=\"product:condition\" content=\"new\" \/>\n<!-- \/ Yoast SEO Premium plugin. -->","yoast_head_json":{"title":"Pakkalan Palloseura - Pakkalan Palloseura \u2013 tupsupipo & kaulahuivi -paketti | Fanmerch Finland","robots":{"index":"index","follow":"follow","max-snippet":"max-snippet:-1","max-image-preview":"max-image-preview:large","max-video-preview":"max-video-preview:-1"},"canonical":"https:\/\/fanmerch.fi\/en\/product\/pakkalan-palloseura-tupsupipo-kaulahuivi-paketti\/","og_locale":"en_GB","og_type":"article","og_title":"Pakkalan Palloseura \u2013 tupsupipo & kaulahuivi -paketti","og_description":"Tyylik\u00e4s ja laadukas kudottu Pakkalan Palloseura -tupsupipo ja kaulahuivi samassa paketissa \u2013 t\u00e4ydellinen valinta peleihin, treeneihin ja arkeen. Tupsupipossa n\u00e4ytt\u00e4v\u00e4 Pakkalan Palloseura -logobrodeeraus, joka viimeistelee sporttisen ja ajattoman ilmeen. Pehme\u00e4 ja l\u00e4mmin materiaali takaa miellytt\u00e4v\u00e4n k\u00e4ytt\u00f6mukavuuden viile\u00e4mmill\u00e4kin keleill\u00e4. Huivin koko 140cm x 16cm.     Toimitusaika 1-4 arkip\u00e4iv\u00e4\u00e4    100% Akryyli","og_url":"https:\/\/fanmerch.fi\/en\/product\/pakkalan-palloseura-tupsupipo-kaulahuivi-paketti\/","og_site_name":"Fanmerch Finland","article_modified_time":"2026-02-13T11:37:03+00:00","og_image":[{"width":1695,"height":2200,"url":"https:\/\/fanmerch.fi\/wp-content\/uploads\/2026\/01\/pakkalan-palloseura-scarftupsupipo-2026.jpg","type":"image\/jpeg"}],"twitter_card":"summary_large_image","twitter_misc":{"Price":"40.00&euro;","Availability":"In stock"},"schema":{"@context":"https:\/\/schema.org","@graph":[{"@type":"WebPage","@id":"https:\/\/fanmerch.fi\/tuote\/pakkalan-palloseura-tupsupipo-kaulahuivi-paketti\/","url":"https:\/\/fanmerch.fi\/tuote\/pakkalan-palloseura-tupsupipo-kaulahuivi-paketti\/","name":"Pakkalan Palloseura - Pakkalan Palloseura \u2013 tupsupipo & kaulahuivi -paketti | Fanmerch Finland","isPartOf":{"@id":"https:\/\/fanmerch.fi\/#website"},"primaryImageOfPage":{"@id":"https:\/\/fanmerch.fi\/tuote\/pakkalan-palloseura-tupsupipo-kaulahuivi-paketti\/#primaryimage"},"image":{"@id":"https:\/\/fanmerch.fi\/tuote\/pakkalan-palloseura-tupsupipo-kaulahuivi-paketti\/#primaryimage"},"thumbnailUrl":"https:\/\/fanmerch.fi\/wp-content\/uploads\/2026\/01\/pakkalan-palloseura-scarftupsupipo-2026.jpg","datePublished":"2026-01-23T14:35:54+00:00","dateModified":"2026-02-13T11:37:03+00:00","breadcrumb":{"@id":"https:\/\/fanmerch.fi\/tuote\/pakkalan-palloseura-tupsupipo-kaulahuivi-paketti\/#breadcrumb"},"inLanguage":"en-GB","potentialAction":[{"@type":"ReadAction","target":["https:\/\/fanmerch.fi\/tuote\/pakkalan-palloseura-tupsupipo-kaulahuivi-paketti\/"]}]},{"@type":"ImageObject","inLanguage":"en-GB","@id":"https:\/\/fanmerch.fi\/tuote\/pakkalan-palloseura-tupsupipo-kaulahuivi-paketti\/#primaryimage","url":"https:\/\/fanmerch.fi\/wp-content\/uploads\/2026\/01\/pakkalan-palloseura-scarftupsupipo-2026.jpg","contentUrl":"https:\/\/fanmerch.fi\/wp-content\/uploads\/2026\/01\/pakkalan-palloseura-scarftupsupipo-2026.jpg","width":1695,"height":2200},{"@type":"BreadcrumbList","@id":"https:\/\/fanmerch.fi\/tuote\/pakkalan-palloseura-tupsupipo-kaulahuivi-paketti\/#breadcrumb","itemListElement":[{"@type":"ListItem","position":1,"name":"Etusivu","item":"https:\/\/fanmerch.fi\/"},{"@type":"ListItem","position":2,"name":"Kauppa","item":"https:\/\/fanmerch.fi\/kauppa\/"},{"@type":"ListItem","position":3,"name":"Pakkalan Palloseura \u2013 tupsupipo &#038; kaulahuivi -paketti"}]},{"@type":"WebSite","@id":"https:\/\/fanmerch.fi\/#website","url":"https:\/\/fanmerch.fi\/","name":"Fanmerch Finland","description":"","potentialAction":[{"@type":"SearchAction","target":{"@type":"EntryPoint","urlTemplate":"https:\/\/fanmerch.fi\/?s={search_term_string}"},"query-input":{"@type":"PropertyValueSpecification","valueRequired":true,"valueName":"search_term_string"}}],"inLanguage":"en-GB"}]},"product_price_amount":"40.00","product_price_currency":"EUR","og_availability":"instock","product_availability":"instock","product_retailer_item_id":"Pakkalan Palloseura \/ Scarf + Tupsupipo 2026","product_condition":"new"},"_links":{"self":[{"href":"https:\/\/fanmerch.fi\/en\/wp-json\/wp\/v2\/product\/54824","targetHints":{"allow":["GET"]}}],"collection":[{"href":"https:\/\/fanmerch.fi\/en\/wp-json\/wp\/v2\/product"}],"about":[{"href":"https:\/\/fanmerch.fi\/en\/wp-json\/wp\/v2\/types\/product"}],"author":[{"embeddable":true,"href":"https:\/\/fanmerch.fi\/en\/wp-json\/wp\/v2\/users\/1"}],"version-history":[{"count":1,"href":"https:\/\/fanmerch.fi\/en\/wp-json\/wp\/v2\/product\/54824\/revisions"}],"predecessor-version":[{"id":54826,"href":"https:\/\/fanmerch.fi\/en\/wp-json\/wp\/v2\/product\/54824\/revisions\/54826"}],"wp:featuredmedia":[{"embeddable":true,"href":"https:\/\/fanmerch.fi\/en\/wp-json\/wp\/v2\/media\/54825"}],"wp:attachment":[{"href":"https:\/\/fanmerch.fi\/en\/wp-json\/wp\/v2\/media?parent=54824"}],"wp:term":[{"taxonomy":"product_brand","embeddable":true,"href":"https:\/\/fanmerch.fi\/en\/wp-json\/wp\/v2\/product_brand?post=54824"},{"taxonomy":"product_cat","embeddable":true,"href":"https:\/\/fanmerch.fi\/en\/wp-json\/wp\/v2\/product_cat?post=54824"},{"taxonomy":"product_tag","embeddable":true,"href":"https:\/\/fanmerch.fi\/en\/wp-json\/wp\/v2\/product_tag?post=54824"}],"curies":[{"name":"wp","href":"https:\/\/api.w.org\/{rel}","templated":true}]}}