{"id":55100,"date":"2026-03-31T21:48:08","date_gmt":"2026-03-31T18:48:08","guid":{"rendered":"https:\/\/fanmerch.fi\/?post_type=product&#038;p=55100"},"modified":"2026-03-31T21:50:57","modified_gmt":"2026-03-31T18:50:57","slug":"if-gnistan-puma-treenipaita","status":"publish","type":"product","link":"https:\/\/fanmerch.fi\/en\/product\/if-gnistan-puma-treenipaita\/","title":{"rendered":"IF Gnistan, Puma treenipaita"},"content":{"rendered":"","protected":false},"excerpt":{"rendered":"<p data-start=\"112\" data-end=\"382\">PUMA Team Final 26 -treenipaita IF Gnistan -logolla on suunniteltu kovaan k\u00e4ytt\u00f6\u00f6n \u2013 treeneihin, alkul\u00e4mmittelyyn ja vapaa-aikaan. Moderni, urheilullinen leikkaus yhdistettyn\u00e4 kevyeseen ja hengitt\u00e4v\u00e4\u00e4n materiaaliin tekee paidasta erinomaisen valinnan aktiiviseen arkeen.<\/p>\n<p data-start=\"384\" data-end=\"607\">Tekninen kangas siirt\u00e4\u00e4 tehokkaasti kosteutta pois iholta ja auttaa pit\u00e4m\u00e4\u00e4n olon viile\u00e4n\u00e4 my\u00f6s intensiivisess\u00e4 harjoittelussa. Miellytt\u00e4v\u00e4 istuvuus ja joustava rakenne takaavat t\u00e4yden liikkumavapauden kaikissa tilanteissa.<\/p>\n<p data-start=\"609\" data-end=\"731\">IF Gnistanin tunnus rinnassa viimeistelee ilmeen \u2013 t\u00e4m\u00e4 paita kuuluu jokaisen seuran kannattajan ja pelaajan varustukseen.<\/p>\n<ul>\n<li class=\"ai-optimize-11\">\n<h5 class=\"ai-optimize-12\">Printed product, delivery time 3-5 business days.<\/h5>\n<\/li>\n<li class=\"ai-optimize-13\">\n<h5 class=\"ai-optimize-14\">100% Polyester<\/h5>\n<\/li>\n<\/ul>","protected":false},"author":30,"featured_media":55090,"template":"","meta":[],"product_brand":[],"product_cat":[214],"product_tag":[215,136],"class_list":{"0":"post-55100","1":"product","2":"type-product","3":"status-publish","4":"has-post-thumbnail","6":"product_cat-if-gnistan","7":"product_tag-if-gnistan","8":"product_tag-kaikki","10":"first","11":"instock","12":"taxable","13":"shipping-taxable","14":"purchasable","15":"product-type-variable","16":"has-default-attributes"},"yoast_head":"<!-- This site is optimized with the Yoast SEO Premium plugin v26.9 (Yoast SEO v27.4) - https:\/\/yoast.com\/product\/yoast-seo-premium-wordpress\/ -->\n<title>IF Gnistan | IF Gnistan, Puma treenipaita | Fanmerch Finland<\/title>\n<meta name=\"robots\" content=\"index, follow, max-snippet:-1, max-image-preview:large, max-video-preview:-1\" \/>\n<link rel=\"canonical\" href=\"https:\/\/fanmerch.fi\/en\/product\/if-gnistan-puma-treenipaita\/\" \/>\n<meta property=\"og:locale\" content=\"en_GB\" \/>\n<meta property=\"og:type\" content=\"article\" \/>\n<meta property=\"og:title\" content=\"IF Gnistan, Puma treenipaita\" \/>\n<meta property=\"og:description\" content=\"PUMA Team Final 26 -treenipaita IF Gnistan -logolla on suunniteltu kovaan k\u00e4ytt\u00f6\u00f6n \u2013 treeneihin, alkul\u00e4mmittelyyn ja vapaa-aikaan. Moderni, urheilullinen leikkaus yhdistettyn\u00e4 kevyeseen ja hengitt\u00e4v\u00e4\u00e4n materiaaliin tekee paidasta erinomaisen valinnan aktiiviseen arkeen. Tekninen kangas siirt\u00e4\u00e4 tehokkaasti kosteutta pois iholta ja auttaa pit\u00e4m\u00e4\u00e4n olon viile\u00e4n\u00e4 my\u00f6s intensiivisess\u00e4 harjoittelussa. Miellytt\u00e4v\u00e4 istuvuus ja joustava rakenne takaavat t\u00e4yden liikkumavapauden kaikissa tilanteissa. IF Gnistanin tunnus rinnassa viimeistelee ilmeen \u2013 t\u00e4m\u00e4 paita kuuluu jokaisen seuran kannattajan ja pelaajan varustukseen.     Painotuote, toimitusaika 3-5 arkip\u00e4iv\u00e4\u00e4    100% Polyesteri\" \/>\n<meta property=\"og:url\" content=\"https:\/\/fanmerch.fi\/en\/product\/if-gnistan-puma-treenipaita\/\" \/>\n<meta property=\"og:site_name\" content=\"Fanmerch Finland\" \/>\n<meta property=\"article:modified_time\" content=\"2026-03-31T18:50:57+00:00\" \/>\n<meta property=\"og:image\" content=\"https:\/\/fanmerch.fi\/wp-content\/uploads\/2026\/03\/if-gnistan-training-shirts-front.webp\" \/>\n\t<meta property=\"og:image:width\" content=\"1000\" \/>\n\t<meta property=\"og:image:height\" content=\"1300\" \/>\n\t<meta property=\"og:image:type\" content=\"image\/webp\" \/>\n<meta name=\"twitter:card\" content=\"summary_large_image\" \/>\n<meta name=\"twitter:label1\" content=\"Availability\" \/>\n\t<meta name=\"twitter:data1\" content=\"In stock\" \/>\n<script type=\"application\/ld+json\" class=\"yoast-schema-graph\">{\"@context\":\"https:\\\/\\\/schema.org\",\"@graph\":[{\"@type\":\"WebPage\",\"@id\":\"https:\\\/\\\/fanmerch.fi\\\/tuote\\\/if-gnistan-puma-treenipaita\\\/\",\"url\":\"https:\\\/\\\/fanmerch.fi\\\/tuote\\\/if-gnistan-puma-treenipaita\\\/\",\"name\":\"IF Gnistan | IF Gnistan, Puma treenipaita | Fanmerch Finland\",\"isPartOf\":{\"@id\":\"https:\\\/\\\/fanmerch.fi\\\/#website\"},\"primaryImageOfPage\":{\"@id\":\"https:\\\/\\\/fanmerch.fi\\\/tuote\\\/if-gnistan-puma-treenipaita\\\/#primaryimage\"},\"image\":{\"@id\":\"https:\\\/\\\/fanmerch.fi\\\/tuote\\\/if-gnistan-puma-treenipaita\\\/#primaryimage\"},\"thumbnailUrl\":\"https:\\\/\\\/fanmerch.fi\\\/wp-content\\\/uploads\\\/2026\\\/03\\\/if-gnistan-training-shirts-front.webp\",\"datePublished\":\"2026-03-31T18:48:08+00:00\",\"dateModified\":\"2026-03-31T18:50:57+00:00\",\"breadcrumb\":{\"@id\":\"https:\\\/\\\/fanmerch.fi\\\/tuote\\\/if-gnistan-puma-treenipaita\\\/#breadcrumb\"},\"inLanguage\":\"en-GB\",\"potentialAction\":[{\"@type\":\"ReadAction\",\"target\":[\"https:\\\/\\\/fanmerch.fi\\\/tuote\\\/if-gnistan-puma-treenipaita\\\/\"]}]},{\"@type\":\"ImageObject\",\"inLanguage\":\"en-GB\",\"@id\":\"https:\\\/\\\/fanmerch.fi\\\/tuote\\\/if-gnistan-puma-treenipaita\\\/#primaryimage\",\"url\":\"https:\\\/\\\/fanmerch.fi\\\/wp-content\\\/uploads\\\/2026\\\/03\\\/if-gnistan-training-shirts-front.webp\",\"contentUrl\":\"https:\\\/\\\/fanmerch.fi\\\/wp-content\\\/uploads\\\/2026\\\/03\\\/if-gnistan-training-shirts-front.webp\",\"width\":1000,\"height\":1300},{\"@type\":\"BreadcrumbList\",\"@id\":\"https:\\\/\\\/fanmerch.fi\\\/tuote\\\/if-gnistan-puma-treenipaita\\\/#breadcrumb\",\"itemListElement\":[{\"@type\":\"ListItem\",\"position\":1,\"name\":\"Etusivu\",\"item\":\"https:\\\/\\\/fanmerch.fi\\\/\"},{\"@type\":\"ListItem\",\"position\":2,\"name\":\"Kauppa\",\"item\":\"https:\\\/\\\/fanmerch.fi\\\/kauppa\\\/\"},{\"@type\":\"ListItem\",\"position\":3,\"name\":\"IF Gnistan, Puma treenipaita\"}]},{\"@type\":\"WebSite\",\"@id\":\"https:\\\/\\\/fanmerch.fi\\\/#website\",\"url\":\"https:\\\/\\\/fanmerch.fi\\\/\",\"name\":\"Fanmerch Finland\",\"description\":\"\",\"potentialAction\":[{\"@type\":\"SearchAction\",\"target\":{\"@type\":\"EntryPoint\",\"urlTemplate\":\"https:\\\/\\\/fanmerch.fi\\\/?s={search_term_string}\"},\"query-input\":{\"@type\":\"PropertyValueSpecification\",\"valueRequired\":true,\"valueName\":\"search_term_string\"}}],\"inLanguage\":\"en-GB\"}]}<\/script>\n<meta property=\"og:availability\" content=\"instock\" \/>\n<meta property=\"product:availability\" content=\"instock\" \/>\n<meta property=\"product:retailer_item_id\" content=\"IF Gnistan \/ Woodmark \/ Heather Grey \/ Kids \/ Crewneck-2\" \/>\n<meta property=\"product:condition\" content=\"new\" \/>\n<!-- \/ Yoast SEO Premium plugin. -->","yoast_head_json":{"title":"IF Gnistan | IF Gnistan, Puma treenipaita | Fanmerch Finland","robots":{"index":"index","follow":"follow","max-snippet":"max-snippet:-1","max-image-preview":"max-image-preview:large","max-video-preview":"max-video-preview:-1"},"canonical":"https:\/\/fanmerch.fi\/en\/product\/if-gnistan-puma-treenipaita\/","og_locale":"en_GB","og_type":"article","og_title":"IF Gnistan, Puma treenipaita","og_description":"PUMA Team Final 26 -treenipaita IF Gnistan -logolla on suunniteltu kovaan k\u00e4ytt\u00f6\u00f6n \u2013 treeneihin, alkul\u00e4mmittelyyn ja vapaa-aikaan. Moderni, urheilullinen leikkaus yhdistettyn\u00e4 kevyeseen ja hengitt\u00e4v\u00e4\u00e4n materiaaliin tekee paidasta erinomaisen valinnan aktiiviseen arkeen. Tekninen kangas siirt\u00e4\u00e4 tehokkaasti kosteutta pois iholta ja auttaa pit\u00e4m\u00e4\u00e4n olon viile\u00e4n\u00e4 my\u00f6s intensiivisess\u00e4 harjoittelussa. Miellytt\u00e4v\u00e4 istuvuus ja joustava rakenne takaavat t\u00e4yden liikkumavapauden kaikissa tilanteissa. IF Gnistanin tunnus rinnassa viimeistelee ilmeen \u2013 t\u00e4m\u00e4 paita kuuluu jokaisen seuran kannattajan ja pelaajan varustukseen.     Painotuote, toimitusaika 3-5 arkip\u00e4iv\u00e4\u00e4    100% Polyesteri","og_url":"https:\/\/fanmerch.fi\/en\/product\/if-gnistan-puma-treenipaita\/","og_site_name":"Fanmerch Finland","article_modified_time":"2026-03-31T18:50:57+00:00","og_image":[{"width":1000,"height":1300,"url":"https:\/\/fanmerch.fi\/wp-content\/uploads\/2026\/03\/if-gnistan-training-shirts-front.webp","type":"image\/webp"}],"twitter_card":"summary_large_image","twitter_misc":{"Availability":"In stock"},"schema":{"@context":"https:\/\/schema.org","@graph":[{"@type":"WebPage","@id":"https:\/\/fanmerch.fi\/tuote\/if-gnistan-puma-treenipaita\/","url":"https:\/\/fanmerch.fi\/tuote\/if-gnistan-puma-treenipaita\/","name":"IF Gnistan | IF Gnistan, Puma treenipaita | Fanmerch Finland","isPartOf":{"@id":"https:\/\/fanmerch.fi\/#website"},"primaryImageOfPage":{"@id":"https:\/\/fanmerch.fi\/tuote\/if-gnistan-puma-treenipaita\/#primaryimage"},"image":{"@id":"https:\/\/fanmerch.fi\/tuote\/if-gnistan-puma-treenipaita\/#primaryimage"},"thumbnailUrl":"https:\/\/fanmerch.fi\/wp-content\/uploads\/2026\/03\/if-gnistan-training-shirts-front.webp","datePublished":"2026-03-31T18:48:08+00:00","dateModified":"2026-03-31T18:50:57+00:00","breadcrumb":{"@id":"https:\/\/fanmerch.fi\/tuote\/if-gnistan-puma-treenipaita\/#breadcrumb"},"inLanguage":"en-GB","potentialAction":[{"@type":"ReadAction","target":["https:\/\/fanmerch.fi\/tuote\/if-gnistan-puma-treenipaita\/"]}]},{"@type":"ImageObject","inLanguage":"en-GB","@id":"https:\/\/fanmerch.fi\/tuote\/if-gnistan-puma-treenipaita\/#primaryimage","url":"https:\/\/fanmerch.fi\/wp-content\/uploads\/2026\/03\/if-gnistan-training-shirts-front.webp","contentUrl":"https:\/\/fanmerch.fi\/wp-content\/uploads\/2026\/03\/if-gnistan-training-shirts-front.webp","width":1000,"height":1300},{"@type":"BreadcrumbList","@id":"https:\/\/fanmerch.fi\/tuote\/if-gnistan-puma-treenipaita\/#breadcrumb","itemListElement":[{"@type":"ListItem","position":1,"name":"Etusivu","item":"https:\/\/fanmerch.fi\/"},{"@type":"ListItem","position":2,"name":"Kauppa","item":"https:\/\/fanmerch.fi\/kauppa\/"},{"@type":"ListItem","position":3,"name":"IF Gnistan, Puma treenipaita"}]},{"@type":"WebSite","@id":"https:\/\/fanmerch.fi\/#website","url":"https:\/\/fanmerch.fi\/","name":"Fanmerch Finland","description":"","potentialAction":[{"@type":"SearchAction","target":{"@type":"EntryPoint","urlTemplate":"https:\/\/fanmerch.fi\/?s={search_term_string}"},"query-input":{"@type":"PropertyValueSpecification","valueRequired":true,"valueName":"search_term_string"}}],"inLanguage":"en-GB"}]},"og_availability":"instock","product_availability":"instock","product_retailer_item_id":"IF Gnistan \/ Woodmark \/ Heather Grey \/ Kids \/ Crewneck-2","product_condition":"new"},"_links":{"self":[{"href":"https:\/\/fanmerch.fi\/en\/wp-json\/wp\/v2\/product\/55100","targetHints":{"allow":["GET"]}}],"collection":[{"href":"https:\/\/fanmerch.fi\/en\/wp-json\/wp\/v2\/product"}],"about":[{"href":"https:\/\/fanmerch.fi\/en\/wp-json\/wp\/v2\/types\/product"}],"author":[{"embeddable":true,"href":"https:\/\/fanmerch.fi\/en\/wp-json\/wp\/v2\/users\/30"}],"version-history":[{"count":1,"href":"https:\/\/fanmerch.fi\/en\/wp-json\/wp\/v2\/product\/55100\/revisions"}],"predecessor-version":[{"id":55105,"href":"https:\/\/fanmerch.fi\/en\/wp-json\/wp\/v2\/product\/55100\/revisions\/55105"}],"wp:featuredmedia":[{"embeddable":true,"href":"https:\/\/fanmerch.fi\/en\/wp-json\/wp\/v2\/media\/55090"}],"wp:attachment":[{"href":"https:\/\/fanmerch.fi\/en\/wp-json\/wp\/v2\/media?parent=55100"}],"wp:term":[{"taxonomy":"product_brand","embeddable":true,"href":"https:\/\/fanmerch.fi\/en\/wp-json\/wp\/v2\/product_brand?post=55100"},{"taxonomy":"product_cat","embeddable":true,"href":"https:\/\/fanmerch.fi\/en\/wp-json\/wp\/v2\/product_cat?post=55100"},{"taxonomy":"product_tag","embeddable":true,"href":"https:\/\/fanmerch.fi\/en\/wp-json\/wp\/v2\/product_tag?post=55100"}],"curies":[{"name":"wp","href":"https:\/\/api.w.org\/{rel}","templated":true}]}}