{"id":979,"date":"2024-04-19T14:32:36","date_gmt":"2024-04-19T14:32:36","guid":{"rendered":"https:\/\/fanmerch.fi\/?post_type=product&#038;p=979"},"modified":"2024-06-08T15:47:02","modified_gmt":"2024-06-08T12:47:02","slug":"spl-helsinki-bucket-hat","status":"publish","type":"product","link":"https:\/\/fanmerch.fi\/en\/product\/spl-helsinki-bucket-hat\/","title":{"rendered":"Bucket Hat"},"content":{"rendered":"","protected":false},"excerpt":{"rendered":"<p>SPL-Helsinki kalastajahattu on rento, mutta trendik\u00e4s valinta. Hatun aavistuksen pesty kangas luo ulkon\u00e4k\u00f6\u00f6n rouheutta. Materiaalina on k\u00e4ytetty puuvillaa, joka hengitt\u00e4\u00e4 ja takaa kevyen tuntuman. Aurinkoisiin hellep\u00e4iviin tai osaksi tyylitietoisen asua. Edess\u00e4 oranssi SPL-Helsinki -logopainatus.<\/p>\n<ul>\n<li>\n<h5><strong>Materiaali: 100% puuvilla<\/strong><\/h5>\n<\/li>\n<li>\n<h5><strong>Koko: 58cm<\/strong><\/h5>\n<\/li>\n<\/ul>\n<p>&nbsp;<\/p>","protected":false},"author":4,"featured_media":993,"template":"","meta":[],"product_brand":[],"product_cat":[68],"product_tag":[136,170,70],"class_list":{"0":"post-979","1":"product","2":"type-product","3":"status-publish","4":"has-post-thumbnail","6":"product_cat-spl-helsinki","7":"product_tag-kaikki","8":"product_tag-paahineet","9":"product_tag-spl-helsinki","11":"first","12":"instock","13":"taxable","14":"shipping-taxable","15":"purchasable","16":"product-type-simple"},"yoast_head":"<!-- This site is optimized with the Yoast SEO Premium plugin v26.9 (Yoast SEO v27.4) - https:\/\/yoast.com\/product\/yoast-seo-premium-wordpress\/ -->\n<title>SPL-Helsinki - Bucket Hat | Fanmerch Finland<\/title>\n<meta name=\"robots\" content=\"index, follow, max-snippet:-1, max-image-preview:large, max-video-preview:-1\" \/>\n<link rel=\"canonical\" href=\"https:\/\/fanmerch.fi\/en\/product\/spl-helsinki-bucket-hat\/\" \/>\n<meta property=\"og:locale\" content=\"en_GB\" \/>\n<meta property=\"og:type\" content=\"article\" \/>\n<meta property=\"og:title\" content=\"Bucket Hat\" \/>\n<meta property=\"og:description\" content=\"SPL-Helsinki kalastajahattu on rento, mutta trendik\u00e4s valinta. Hatun aavistuksen pesty kangas luo ulkon\u00e4k\u00f6\u00f6n rouheutta. Materiaalina on k\u00e4ytetty puuvillaa, joka hengitt\u00e4\u00e4 ja takaa kevyen tuntuman. Aurinkoisiin hellep\u00e4iviin tai osaksi tyylitietoisen asua. Edess\u00e4 oranssi SPL-Helsinki -logopainatus.    Materiaali: 100% puuvilla    Koko: 58cm   &nbsp;\" \/>\n<meta property=\"og:url\" content=\"https:\/\/fanmerch.fi\/en\/product\/spl-helsinki-bucket-hat\/\" \/>\n<meta property=\"og:site_name\" content=\"Fanmerch Finland\" \/>\n<meta property=\"article:modified_time\" content=\"2024-06-08T12:47:02+00:00\" \/>\n<meta property=\"og:image\" content=\"https:\/\/fanmerch.fi\/wp-content\/uploads\/2024\/04\/spl-helsinki-kalastajanhattu.jpg\" \/>\n\t<meta property=\"og:image:width\" content=\"914\" \/>\n\t<meta property=\"og:image:height\" content=\"914\" \/>\n\t<meta property=\"og:image:type\" content=\"image\/jpeg\" \/>\n<meta name=\"twitter:card\" content=\"summary_large_image\" \/>\n<meta name=\"twitter:label1\" content=\"Price\" \/>\n\t<meta name=\"twitter:data1\" content=\"17.00&euro;\" \/>\n\t<meta name=\"twitter:label2\" content=\"Availability\" \/>\n\t<meta name=\"twitter:data2\" content=\"In stock\" \/>\n<script type=\"application\/ld+json\" class=\"yoast-schema-graph\">{\"@context\":\"https:\\\/\\\/schema.org\",\"@graph\":[{\"@type\":\"WebPage\",\"@id\":\"https:\\\/\\\/fanmerch.fi\\\/tuote\\\/spl-helsinki-bucket-hat\\\/\",\"url\":\"https:\\\/\\\/fanmerch.fi\\\/tuote\\\/spl-helsinki-bucket-hat\\\/\",\"name\":\"SPL-Helsinki - Bucket Hat | Fanmerch Finland\",\"isPartOf\":{\"@id\":\"https:\\\/\\\/fanmerch.fi\\\/#website\"},\"primaryImageOfPage\":{\"@id\":\"https:\\\/\\\/fanmerch.fi\\\/tuote\\\/spl-helsinki-bucket-hat\\\/#primaryimage\"},\"image\":{\"@id\":\"https:\\\/\\\/fanmerch.fi\\\/tuote\\\/spl-helsinki-bucket-hat\\\/#primaryimage\"},\"thumbnailUrl\":\"https:\\\/\\\/fanmerch.fi\\\/wp-content\\\/uploads\\\/2024\\\/04\\\/spl-helsinki-kalastajanhattu.jpg\",\"datePublished\":\"2024-04-19T14:32:36+00:00\",\"dateModified\":\"2024-06-08T12:47:02+00:00\",\"breadcrumb\":{\"@id\":\"https:\\\/\\\/fanmerch.fi\\\/tuote\\\/spl-helsinki-bucket-hat\\\/#breadcrumb\"},\"inLanguage\":\"en-GB\",\"potentialAction\":[{\"@type\":\"ReadAction\",\"target\":[\"https:\\\/\\\/fanmerch.fi\\\/tuote\\\/spl-helsinki-bucket-hat\\\/\"]}]},{\"@type\":\"ImageObject\",\"inLanguage\":\"en-GB\",\"@id\":\"https:\\\/\\\/fanmerch.fi\\\/tuote\\\/spl-helsinki-bucket-hat\\\/#primaryimage\",\"url\":\"https:\\\/\\\/fanmerch.fi\\\/wp-content\\\/uploads\\\/2024\\\/04\\\/spl-helsinki-kalastajanhattu.jpg\",\"contentUrl\":\"https:\\\/\\\/fanmerch.fi\\\/wp-content\\\/uploads\\\/2024\\\/04\\\/spl-helsinki-kalastajanhattu.jpg\",\"width\":914,\"height\":914},{\"@type\":\"BreadcrumbList\",\"@id\":\"https:\\\/\\\/fanmerch.fi\\\/tuote\\\/spl-helsinki-bucket-hat\\\/#breadcrumb\",\"itemListElement\":[{\"@type\":\"ListItem\",\"position\":1,\"name\":\"Etusivu\",\"item\":\"https:\\\/\\\/fanmerch.fi\\\/\"},{\"@type\":\"ListItem\",\"position\":2,\"name\":\"Kauppa\",\"item\":\"https:\\\/\\\/fanmerch.fi\\\/kauppa\\\/\"},{\"@type\":\"ListItem\",\"position\":3,\"name\":\"Bucket Hat\"}]},{\"@type\":\"WebSite\",\"@id\":\"https:\\\/\\\/fanmerch.fi\\\/#website\",\"url\":\"https:\\\/\\\/fanmerch.fi\\\/\",\"name\":\"Fanmerch Finland\",\"description\":\"\",\"potentialAction\":[{\"@type\":\"SearchAction\",\"target\":{\"@type\":\"EntryPoint\",\"urlTemplate\":\"https:\\\/\\\/fanmerch.fi\\\/?s={search_term_string}\"},\"query-input\":{\"@type\":\"PropertyValueSpecification\",\"valueRequired\":true,\"valueName\":\"search_term_string\"}}],\"inLanguage\":\"en-GB\"}]}<\/script>\n<meta property=\"product:price:amount\" content=\"17.00\" \/>\n<meta property=\"product:price:currency\" content=\"EUR\" \/>\n<meta property=\"og:availability\" content=\"instock\" \/>\n<meta property=\"product:availability\" content=\"instock\" \/>\n<meta property=\"product:retailer_item_id\" content=\"SPL-HELSINKI-KALASTAJANHATTU\" \/>\n<meta property=\"product:condition\" content=\"new\" \/>\n<!-- \/ Yoast SEO Premium plugin. -->","yoast_head_json":{"title":"SPL-Helsinki - Bucket Hat | Fanmerch Finland","robots":{"index":"index","follow":"follow","max-snippet":"max-snippet:-1","max-image-preview":"max-image-preview:large","max-video-preview":"max-video-preview:-1"},"canonical":"https:\/\/fanmerch.fi\/en\/product\/spl-helsinki-bucket-hat\/","og_locale":"en_GB","og_type":"article","og_title":"Bucket Hat","og_description":"SPL-Helsinki kalastajahattu on rento, mutta trendik\u00e4s valinta. Hatun aavistuksen pesty kangas luo ulkon\u00e4k\u00f6\u00f6n rouheutta. Materiaalina on k\u00e4ytetty puuvillaa, joka hengitt\u00e4\u00e4 ja takaa kevyen tuntuman. Aurinkoisiin hellep\u00e4iviin tai osaksi tyylitietoisen asua. Edess\u00e4 oranssi SPL-Helsinki -logopainatus.    Materiaali: 100% puuvilla    Koko: 58cm   &nbsp;","og_url":"https:\/\/fanmerch.fi\/en\/product\/spl-helsinki-bucket-hat\/","og_site_name":"Fanmerch Finland","article_modified_time":"2024-06-08T12:47:02+00:00","og_image":[{"width":914,"height":914,"url":"https:\/\/fanmerch.fi\/wp-content\/uploads\/2024\/04\/spl-helsinki-kalastajanhattu.jpg","type":"image\/jpeg"}],"twitter_card":"summary_large_image","twitter_misc":{"Price":"17.00&euro;","Availability":"In stock"},"schema":{"@context":"https:\/\/schema.org","@graph":[{"@type":"WebPage","@id":"https:\/\/fanmerch.fi\/tuote\/spl-helsinki-bucket-hat\/","url":"https:\/\/fanmerch.fi\/tuote\/spl-helsinki-bucket-hat\/","name":"SPL-Helsinki - Bucket Hat | Fanmerch Finland","isPartOf":{"@id":"https:\/\/fanmerch.fi\/#website"},"primaryImageOfPage":{"@id":"https:\/\/fanmerch.fi\/tuote\/spl-helsinki-bucket-hat\/#primaryimage"},"image":{"@id":"https:\/\/fanmerch.fi\/tuote\/spl-helsinki-bucket-hat\/#primaryimage"},"thumbnailUrl":"https:\/\/fanmerch.fi\/wp-content\/uploads\/2024\/04\/spl-helsinki-kalastajanhattu.jpg","datePublished":"2024-04-19T14:32:36+00:00","dateModified":"2024-06-08T12:47:02+00:00","breadcrumb":{"@id":"https:\/\/fanmerch.fi\/tuote\/spl-helsinki-bucket-hat\/#breadcrumb"},"inLanguage":"en-GB","potentialAction":[{"@type":"ReadAction","target":["https:\/\/fanmerch.fi\/tuote\/spl-helsinki-bucket-hat\/"]}]},{"@type":"ImageObject","inLanguage":"en-GB","@id":"https:\/\/fanmerch.fi\/tuote\/spl-helsinki-bucket-hat\/#primaryimage","url":"https:\/\/fanmerch.fi\/wp-content\/uploads\/2024\/04\/spl-helsinki-kalastajanhattu.jpg","contentUrl":"https:\/\/fanmerch.fi\/wp-content\/uploads\/2024\/04\/spl-helsinki-kalastajanhattu.jpg","width":914,"height":914},{"@type":"BreadcrumbList","@id":"https:\/\/fanmerch.fi\/tuote\/spl-helsinki-bucket-hat\/#breadcrumb","itemListElement":[{"@type":"ListItem","position":1,"name":"Etusivu","item":"https:\/\/fanmerch.fi\/"},{"@type":"ListItem","position":2,"name":"Kauppa","item":"https:\/\/fanmerch.fi\/kauppa\/"},{"@type":"ListItem","position":3,"name":"Bucket Hat"}]},{"@type":"WebSite","@id":"https:\/\/fanmerch.fi\/#website","url":"https:\/\/fanmerch.fi\/","name":"Fanmerch Finland","description":"","potentialAction":[{"@type":"SearchAction","target":{"@type":"EntryPoint","urlTemplate":"https:\/\/fanmerch.fi\/?s={search_term_string}"},"query-input":{"@type":"PropertyValueSpecification","valueRequired":true,"valueName":"search_term_string"}}],"inLanguage":"en-GB"}]},"product_price_amount":"17.00","product_price_currency":"EUR","og_availability":"instock","product_availability":"instock","product_retailer_item_id":"SPL-HELSINKI-KALASTAJANHATTU","product_condition":"new"},"_links":{"self":[{"href":"https:\/\/fanmerch.fi\/en\/wp-json\/wp\/v2\/product\/979","targetHints":{"allow":["GET"]}}],"collection":[{"href":"https:\/\/fanmerch.fi\/en\/wp-json\/wp\/v2\/product"}],"about":[{"href":"https:\/\/fanmerch.fi\/en\/wp-json\/wp\/v2\/types\/product"}],"author":[{"embeddable":true,"href":"https:\/\/fanmerch.fi\/en\/wp-json\/wp\/v2\/users\/4"}],"version-history":[{"count":0,"href":"https:\/\/fanmerch.fi\/en\/wp-json\/wp\/v2\/product\/979\/revisions"}],"wp:featuredmedia":[{"embeddable":true,"href":"https:\/\/fanmerch.fi\/en\/wp-json\/wp\/v2\/media\/993"}],"wp:attachment":[{"href":"https:\/\/fanmerch.fi\/en\/wp-json\/wp\/v2\/media?parent=979"}],"wp:term":[{"taxonomy":"product_brand","embeddable":true,"href":"https:\/\/fanmerch.fi\/en\/wp-json\/wp\/v2\/product_brand?post=979"},{"taxonomy":"product_cat","embeddable":true,"href":"https:\/\/fanmerch.fi\/en\/wp-json\/wp\/v2\/product_cat?post=979"},{"taxonomy":"product_tag","embeddable":true,"href":"https:\/\/fanmerch.fi\/en\/wp-json\/wp\/v2\/product_tag?post=979"}],"curies":[{"name":"wp","href":"https:\/\/api.w.org\/{rel}","templated":true}]}}